{"id":6023,"date":"2020-06-23T10:10:20","date_gmt":"2020-06-23T10:10:20","guid":{"rendered":"http:\/\/beta.sjobergs.se\/product\/sjobergs-elite-2000-clamping-platform\/"},"modified":"2025-04-28T08:45:42","modified_gmt":"2025-04-28T07:45:42","slug":"sjobergs-elite-2000-clamping-platform-35024","status":"publish","type":"product","link":"https:\/\/old.sjobergs.se\/en\/product\/sjobergs-elite-2000-clamping-platform-35024\/","title":{"rendered":"Sj\u00f6bergs Elite 2000 + Sj\u00f6bergs Clamping Platform"},"content":{"rendered":"<p>Our Sj\u00f6bergs Elite workbenches combined with our Sj\u00f6bergs Clamping Platform are more flexible and create a larger working surface. The front vise position can be changed to configure the bench for both right- and left-handed users.<\/p>\n<p>All of the 19 mm or 3\/4\u201d dog holes in the Clamping Platform are also suitable for other makes of clamping systems that are on the market. The Sj\u00f6bergs Holdfast ST11 can also be used on the Clamping Platform. You can clamp on the top as well as on the skirts around the clamping top.<\/p>\n<p>By combining the Clamping Platform with the Sj\u00f6bergs Elite 2000, the total length is increased to 2500 mm or 98\u201d. It is produced in European beech and treated with a high quality oil.<\/p>\n<p>Supplied with 33290 (4 pce) + 33293 (4 pce)\u00a0 bench dogs.<\/p>\n","protected":false},"excerpt":{"rendered":"<p>Our Sj\u00f6bergs Elite workbenches combined with our Sj\u00f6bergs Clamping Platform are more flexible and create a larger working surface. The front vise position can be changed to configure the bench for both right- and left-handed users. All of the 19 mm or 3\/4\u201d dog holes in the Clamping Platform are also suitable for other makes [&hellip;]<\/p>\n","protected":false},"featured_media":4719,"template":"","meta":{"_acf_changed":false},"product_brand":[],"product_cat":[439,205,236,242],"product_tag":[356],"class_list":{"0":"post-6023","1":"product","2":"type-product","3":"status-publish","4":"has-post-thumbnail","6":"product_cat-sjobergs-elite-arbetsbankar-for-proffs-en","7":"product_cat-sjobergs-elite-en-category","8":"product_cat-workbenches-for-professionals","9":"product_cat-teachers-benches","10":"product_tag-sjobergs-elite-2000-en","12":"first","13":"instock","14":"taxable","15":"shipping-taxable","16":"purchasable","17":"product-type-simple"},"acf":[],"_links":{"self":[{"href":"https:\/\/old.sjobergs.se\/en\/wp-json\/wp\/v2\/product\/6023","targetHints":{"allow":["GET"]}}],"collection":[{"href":"https:\/\/old.sjobergs.se\/en\/wp-json\/wp\/v2\/product"}],"about":[{"href":"https:\/\/old.sjobergs.se\/en\/wp-json\/wp\/v2\/types\/product"}],"wp:featuredmedia":[{"embeddable":true,"href":"https:\/\/old.sjobergs.se\/en\/wp-json\/wp\/v2\/media\/4719"}],"wp:attachment":[{"href":"https:\/\/old.sjobergs.se\/en\/wp-json\/wp\/v2\/media?parent=6023"}],"wp:term":[{"taxonomy":"product_brand","embeddable":true,"href":"https:\/\/old.sjobergs.se\/en\/wp-json\/wp\/v2\/product_brand?post=6023"},{"taxonomy":"product_cat","embeddable":true,"href":"https:\/\/old.sjobergs.se\/en\/wp-json\/wp\/v2\/product_cat?post=6023"},{"taxonomy":"product_tag","embeddable":true,"href":"https:\/\/old.sjobergs.se\/en\/wp-json\/wp\/v2\/product_tag?post=6023"}],"curies":[{"name":"wp","href":"https:\/\/api.w.org\/{rel}","templated":true}]}}