{"id":5261,"date":"2020-06-23T10:05:34","date_gmt":"2020-06-23T10:05:34","guid":{"rendered":"http:\/\/previewsjobergs.se.loopiadns.com\/product\/sjobergs-elite-1500-clamping-platform-sm07\/"},"modified":"2025-06-27T08:29:10","modified_gmt":"2025-06-27T07:29:10","slug":"sjobergs-elite-1500-clamping-platform-sm07-35022","status":"publish","type":"product","link":"https:\/\/old.sjobergs.se\/en\/product\/sjobergs-elite-1500-clamping-platform-sm07-35022\/","title":{"rendered":"Sj\u00f6bergs Elite 1500 + Sj\u00f6bergs Clamping Platform + SM07"},"content":{"rendered":"<p>Our Elite workbenches combined with our new Sj\u00f6bergs Clamping Platform are more flexible and create a larger working surface. The front vise position can be changed to configure the bench for both right- and left-handed users.<\/p>\n<p>All of the 19 mm or 3\/4\u201d dog holes on the Clamping Platform are also suitable for other makes of clamping systems that are on the market.The Sj\u00f6bergs Holdfast ST11 can also be used on the Clamping Platform. You can clamp on the top as well as on the skirts around the top.<\/p>\n<p>By combining the Clamping Platform with the Elite 1500, the total length is increased to 2000 mm or 78\u201d. It is produced in European beech and treated with a high quality oil.<br \/>\nThere are 4 bench dog included in the package.<\/p>\n","protected":false},"excerpt":{"rendered":"<p>Our Elite workbenches combined with our new Sj\u00f6bergs Clamping Platform are more flexible and create a larger working surface. The front vise position can be changed to configure the bench for both right- and left-handed users. All of the 19 mm or 3\/4\u201d dog holes on the Clamping Platform are also suitable for other makes [&hellip;]<\/p>\n","protected":false},"featured_media":4706,"template":"","meta":{"_acf_changed":false},"product_brand":[],"product_cat":[439,205,236,242,223],"product_tag":[335,336],"class_list":{"0":"post-5261","1":"product","2":"type-product","3":"status-publish","4":"has-post-thumbnail","6":"product_cat-sjobergs-elite-arbetsbankar-for-proffs-en","7":"product_cat-sjobergs-elite-en-category","8":"product_cat-workbenches-for-professionals","9":"product_cat-teachers-benches","10":"product_cat-combination","11":"product_tag-sjobergs-elite-1500-en","12":"product_tag-sm07-en","14":"first","15":"instock","16":"taxable","17":"shipping-taxable","18":"purchasable","19":"product-type-simple"},"acf":[],"_links":{"self":[{"href":"https:\/\/old.sjobergs.se\/en\/wp-json\/wp\/v2\/product\/5261","targetHints":{"allow":["GET"]}}],"collection":[{"href":"https:\/\/old.sjobergs.se\/en\/wp-json\/wp\/v2\/product"}],"about":[{"href":"https:\/\/old.sjobergs.se\/en\/wp-json\/wp\/v2\/types\/product"}],"wp:featuredmedia":[{"embeddable":true,"href":"https:\/\/old.sjobergs.se\/en\/wp-json\/wp\/v2\/media\/4706"}],"wp:attachment":[{"href":"https:\/\/old.sjobergs.se\/en\/wp-json\/wp\/v2\/media?parent=5261"}],"wp:term":[{"taxonomy":"product_brand","embeddable":true,"href":"https:\/\/old.sjobergs.se\/en\/wp-json\/wp\/v2\/product_brand?post=5261"},{"taxonomy":"product_cat","embeddable":true,"href":"https:\/\/old.sjobergs.se\/en\/wp-json\/wp\/v2\/product_cat?post=5261"},{"taxonomy":"product_tag","embeddable":true,"href":"https:\/\/old.sjobergs.se\/en\/wp-json\/wp\/v2\/product_tag?post=5261"}],"curies":[{"name":"wp","href":"https:\/\/api.w.org\/{rel}","templated":true}]}}