{"id":5201,"date":"2020-06-23T10:14:44","date_gmt":"2020-06-23T10:14:44","guid":{"rendered":"http:\/\/previewsjobergs.se.loopiadns.com\/product\/sjobergs-elite-1500clamping-platform\/"},"modified":"2025-06-27T08:28:09","modified_gmt":"2025-06-27T07:28:09","slug":"sjobergs-elite-1500-clamping-platform-35023","status":"publish","type":"product","link":"https:\/\/old.sjobergs.se\/en\/product\/sjobergs-elite-1500-clamping-platform-35023\/","title":{"rendered":"Sj\u00f6bergs Elite 1500 + Sj\u00f6bergs Clamping Platform"},"content":{"rendered":"<p>Our Sj\u00f6bergs Elite workbenches combined with our Sj\u00f6bergs Clamping Platform are more flexible and create a larger working surface.<br \/>\nThe 19 mm or 3\/4\u201d dog holes on the Clamping Platform are also suitable for other makes of clamping systems that are on the market. The front vise position can be changed to configure the bench for both right- and left-handed users. Sj\u00f6bergs Holdfast ST11 can also be used on the Clamping Platform. You can clamp on the top as well as on the skirts around the top.<\/p>\n<p>By combining the Clamping Platform with the Elite 1500, the total length is increased to 2000 mm or 78\u201d. It is produced in European beech and treated with a high quality oil.<\/p>\n<p>Supplied with 33290 (4 pce) + 33293 (4 pce)\u00a0 bench dogs.<\/p>\n","protected":false},"excerpt":{"rendered":"<p>Designad och tillverkad f\u00f6r proffs av proffs. Konstruktion i massiv bok. Behandlad med olja. Den kraftiga Eliteb\u00e4nken tillsammans med v\u00e5ra smarta tilllbeh\u00f6r g\u00f6r den till en perfekt arbetsplats.<\/p>\n","protected":false},"featured_media":1718,"template":"","meta":{"_acf_changed":false},"product_brand":[],"product_cat":[439,205,236,242],"product_tag":[339],"class_list":{"0":"post-5201","1":"product","2":"type-product","3":"status-publish","4":"has-post-thumbnail","6":"product_cat-sjobergs-elite-arbetsbankar-for-proffs-en","7":"product_cat-sjobergs-elite-en-category","8":"product_cat-workbenches-for-professionals","9":"product_cat-teachers-benches","10":"product_tag-elite1500-en","12":"first","13":"instock","14":"taxable","15":"shipping-taxable","16":"purchasable","17":"product-type-simple"},"acf":[],"_links":{"self":[{"href":"https:\/\/old.sjobergs.se\/en\/wp-json\/wp\/v2\/product\/5201","targetHints":{"allow":["GET"]}}],"collection":[{"href":"https:\/\/old.sjobergs.se\/en\/wp-json\/wp\/v2\/product"}],"about":[{"href":"https:\/\/old.sjobergs.se\/en\/wp-json\/wp\/v2\/types\/product"}],"wp:featuredmedia":[{"embeddable":true,"href":"https:\/\/old.sjobergs.se\/en\/wp-json\/wp\/v2\/media\/1718"}],"wp:attachment":[{"href":"https:\/\/old.sjobergs.se\/en\/wp-json\/wp\/v2\/media?parent=5201"}],"wp:term":[{"taxonomy":"product_brand","embeddable":true,"href":"https:\/\/old.sjobergs.se\/en\/wp-json\/wp\/v2\/product_brand?post=5201"},{"taxonomy":"product_cat","embeddable":true,"href":"https:\/\/old.sjobergs.se\/en\/wp-json\/wp\/v2\/product_cat?post=5201"},{"taxonomy":"product_tag","embeddable":true,"href":"https:\/\/old.sjobergs.se\/en\/wp-json\/wp\/v2\/product_tag?post=5201"}],"curies":[{"name":"wp","href":"https:\/\/api.w.org\/{rel}","templated":true}]}}