{"id":3353,"date":"2020-05-13T16:42:26","date_gmt":"2020-05-13T16:42:26","guid":{"rendered":"http:\/\/previewsjobergs.se.loopiadns.com\/product\/sjobergs-original-1900-sm05\/"},"modified":"2025-04-09T09:26:20","modified_gmt":"2025-04-09T08:26:20","slug":"sjobergs-original-1900-sm05-35008","status":"publish","type":"product","link":"https:\/\/old.sjobergs.se\/en\/product\/sjobergs-original-1900-sm05-35008\/","title":{"rendered":"Sj\u00f6bergs Original 1900 + SM05"},"content":{"rendered":"<p>Sj\u00f6bergs Original 1900 professional workbench model has been developed and built by professionals for professionals. Shoulder vise with single row of square bench dogs. Front vise with double rows of bench dogs holes.<\/p>\n<p>If you choose to add the Clamping Platform on an Sj\u00f6bergs Original 1900, you can create a bench approximately 2400 mm long. The entire bench is constructed in European beech.<\/p>\n<p>4 bench dogs included.<\/p>\n","protected":false},"excerpt":{"rendered":"<h2>Nyhet!<\/h2>\n<p>Proffsb\u00e4nken som ser ut som den du arbetade vid i tr\u00e4sl\u00f6jden<br \/>\nd\u00e5 du gick i grundskolan!<\/p>\n","protected":false},"featured_media":1941,"template":"","meta":{"_acf_changed":false},"product_brand":[],"product_cat":[209,236,242,223],"product_tag":[],"class_list":{"0":"post-3353","1":"product","2":"type-product","3":"status-publish","4":"has-post-thumbnail","6":"product_cat-sjobergs-original-1900","7":"product_cat-workbenches-for-professionals","8":"product_cat-teachers-benches","9":"product_cat-combination","11":"first","12":"instock","13":"taxable","14":"shipping-taxable","15":"purchasable","16":"product-type-simple"},"acf":[],"_links":{"self":[{"href":"https:\/\/old.sjobergs.se\/en\/wp-json\/wp\/v2\/product\/3353","targetHints":{"allow":["GET"]}}],"collection":[{"href":"https:\/\/old.sjobergs.se\/en\/wp-json\/wp\/v2\/product"}],"about":[{"href":"https:\/\/old.sjobergs.se\/en\/wp-json\/wp\/v2\/types\/product"}],"wp:featuredmedia":[{"embeddable":true,"href":"https:\/\/old.sjobergs.se\/en\/wp-json\/wp\/v2\/media\/1941"}],"wp:attachment":[{"href":"https:\/\/old.sjobergs.se\/en\/wp-json\/wp\/v2\/media?parent=3353"}],"wp:term":[{"taxonomy":"product_brand","embeddable":true,"href":"https:\/\/old.sjobergs.se\/en\/wp-json\/wp\/v2\/product_brand?post=3353"},{"taxonomy":"product_cat","embeddable":true,"href":"https:\/\/old.sjobergs.se\/en\/wp-json\/wp\/v2\/product_cat?post=3353"},{"taxonomy":"product_tag","embeddable":true,"href":"https:\/\/old.sjobergs.se\/en\/wp-json\/wp\/v2\/product_tag?post=3353"}],"curies":[{"name":"wp","href":"https:\/\/api.w.org\/{rel}","templated":true}]}}