{"id":3347,"date":"2020-04-20T09:44:55","date_gmt":"2020-04-20T09:44:55","guid":{"rendered":"http:\/\/previewsjobergs.se.loopiadns.com\/product\/sjobergs-elite-2000\/"},"modified":"2025-04-28T08:43:48","modified_gmt":"2025-04-28T07:43:48","slug":"sjobergs-elite-2000-33458","status":"publish","type":"product","link":"https:\/\/old.sjobergs.se\/en\/product\/sjobergs-elite-2000-33458\/","title":{"rendered":"Sj\u00f6bergs Elite 2000"},"content":{"rendered":"<p>Sj\u00f6bergs Elite 2000 is the ultimate workbench for woodworking enthusiasts and professionals. Sj\u00f6bergs Elite 2000 are both heavier and smarter than most other workbenches on the market. Designed and built by professionals for professionals.<br \/>\nThe entire bench is constructed in European beech and thoroughly treated with top quality oil. The versatility of the Elite workbench together with the unbeatable strength and quality, allows us to offer the ultimate workstation. The front vise position can be changed to configure the bench for both right- and left-handed users.<\/p>\n<p>Worktop in solid beech. Double raw of round bench dog holes. The bench can be equipped with cupboard and drawers SM04. 4-Pack bench dogs in steel included.<\/p>\n","protected":false},"excerpt":{"rendered":"<p>Sj\u00f6bergs Elite 2000 is the ultimate workbench for woodworking enthusiasts and professionals. Sj\u00f6bergs Elite 2000 are both heavier and smarter than most other workbenches on the market. Designed and built by professionals for professionals. The entire bench is constructed in European beech and thoroughly treated with top quality oil. The versatility of the Elite workbench [&hellip;]<\/p>\n","protected":false},"featured_media":1679,"template":"","meta":{"_acf_changed":false},"product_brand":[],"product_cat":[439,205,236,242],"product_tag":[356],"class_list":{"0":"post-3347","1":"product","2":"type-product","3":"status-publish","4":"has-post-thumbnail","6":"product_cat-sjobergs-elite-arbetsbankar-for-proffs-en","7":"product_cat-sjobergs-elite-en-category","8":"product_cat-workbenches-for-professionals","9":"product_cat-teachers-benches","10":"product_tag-sjobergs-elite-2000-en","12":"first","13":"instock","14":"taxable","15":"shipping-taxable","16":"purchasable","17":"product-type-simple"},"acf":[],"_links":{"self":[{"href":"https:\/\/old.sjobergs.se\/en\/wp-json\/wp\/v2\/product\/3347","targetHints":{"allow":["GET"]}}],"collection":[{"href":"https:\/\/old.sjobergs.se\/en\/wp-json\/wp\/v2\/product"}],"about":[{"href":"https:\/\/old.sjobergs.se\/en\/wp-json\/wp\/v2\/types\/product"}],"wp:featuredmedia":[{"embeddable":true,"href":"https:\/\/old.sjobergs.se\/en\/wp-json\/wp\/v2\/media\/1679"}],"wp:attachment":[{"href":"https:\/\/old.sjobergs.se\/en\/wp-json\/wp\/v2\/media?parent=3347"}],"wp:term":[{"taxonomy":"product_brand","embeddable":true,"href":"https:\/\/old.sjobergs.se\/en\/wp-json\/wp\/v2\/product_brand?post=3347"},{"taxonomy":"product_cat","embeddable":true,"href":"https:\/\/old.sjobergs.se\/en\/wp-json\/wp\/v2\/product_cat?post=3347"},{"taxonomy":"product_tag","embeddable":true,"href":"https:\/\/old.sjobergs.se\/en\/wp-json\/wp\/v2\/product_tag?post=3347"}],"curies":[{"name":"wp","href":"https:\/\/api.w.org\/{rel}","templated":true}]}}