{"id":3338,"date":"2020-05-15T12:28:32","date_gmt":"2020-05-15T12:28:32","guid":{"rendered":"http:\/\/previewsjobergs.se.loopiadns.com\/product\/sjobergs-elite-2000-sm04-clamping-platform\/"},"modified":"2025-06-27T08:29:13","modified_gmt":"2025-06-27T07:29:13","slug":"sjobergs-elite-2000-clamping-platform-sm04-35005","status":"publish","type":"product","link":"https:\/\/old.sjobergs.se\/en\/product\/sjobergs-elite-2000-clamping-platform-sm04-35005\/","title":{"rendered":"Sj\u00f6bergs Elite 2000 + Clamping Platform + SM04"},"content":{"rendered":"<p>Sj\u00f6bergs Elite 2000 + Sj\u00f6bergs Clamping Platform = Elite 2500 \u2013 the unbeatable workbench for professionals!<\/p>\n<p>Our Sj\u00f6bergs Elite 2000 workbenches combined with our Sj\u00f6bergs Clamping Platform will create a larger and more flexible working surface. The front vise position can be changed to configure the bench for both right- and left-handed users.<\/p>\n<p>The Clamping Platform extends the bench by 480 mm. All the 19 mm diameter dog holes in the platform make the bench more flexible and suitable for most existing clamping systems on the market. You can fasten Sj\u00f6bergs Holdfast ST11 on both the top and the skirts around the Clamping Platform. It can also be used as a separate work surface by attaching it to a wall. The Platform is, as our Elite benches, made of solid European beech and treated with a first class natural oil,<\/p>\n<p>Supplied with 33290 (4 pce) + 33293 (4 pce)\u00a0 bench dogs.<\/p>\n","protected":false},"excerpt":{"rendered":"<p>Sj\u00f6bergs Elite 2000 + Sj\u00f6bergs Clamping Platform = Elite 2500 \u2013 the unbeatable workbench for professionals! Our Sj\u00f6bergs Elite 2000 workbenches combined with our Sj\u00f6bergs Clamping Platform will create a larger and more flexible working surface. The front vise position can be changed to configure the bench for both right- and left-handed users. The Clamping [&hellip;]<\/p>\n","protected":false},"featured_media":1706,"template":"","meta":{"_acf_changed":false},"product_brand":[],"product_cat":[439,205,236,242,223],"product_tag":[356],"class_list":{"0":"post-3338","1":"product","2":"type-product","3":"status-publish","4":"has-post-thumbnail","6":"product_cat-sjobergs-elite-arbetsbankar-for-proffs-en","7":"product_cat-sjobergs-elite-en-category","8":"product_cat-workbenches-for-professionals","9":"product_cat-teachers-benches","10":"product_cat-combination","11":"product_tag-sjobergs-elite-2000-en","13":"first","14":"instock","15":"taxable","16":"shipping-taxable","17":"purchasable","18":"product-type-simple"},"acf":[],"_links":{"self":[{"href":"https:\/\/old.sjobergs.se\/en\/wp-json\/wp\/v2\/product\/3338","targetHints":{"allow":["GET"]}}],"collection":[{"href":"https:\/\/old.sjobergs.se\/en\/wp-json\/wp\/v2\/product"}],"about":[{"href":"https:\/\/old.sjobergs.se\/en\/wp-json\/wp\/v2\/types\/product"}],"wp:featuredmedia":[{"embeddable":true,"href":"https:\/\/old.sjobergs.se\/en\/wp-json\/wp\/v2\/media\/1706"}],"wp:attachment":[{"href":"https:\/\/old.sjobergs.se\/en\/wp-json\/wp\/v2\/media?parent=3338"}],"wp:term":[{"taxonomy":"product_brand","embeddable":true,"href":"https:\/\/old.sjobergs.se\/en\/wp-json\/wp\/v2\/product_brand?post=3338"},{"taxonomy":"product_cat","embeddable":true,"href":"https:\/\/old.sjobergs.se\/en\/wp-json\/wp\/v2\/product_cat?post=3338"},{"taxonomy":"product_tag","embeddable":true,"href":"https:\/\/old.sjobergs.se\/en\/wp-json\/wp\/v2\/product_tag?post=3338"}],"curies":[{"name":"wp","href":"https:\/\/api.w.org\/{rel}","templated":true}]}}