{"id":3331,"date":"2020-04-21T13:24:53","date_gmt":"2020-04-21T13:24:53","guid":{"rendered":"http:\/\/previewsjobergs.se.loopiadns.com\/product\/sjobergs-elite-1500-plus-sm03\/"},"modified":"2025-04-28T08:47:10","modified_gmt":"2025-04-28T07:47:10","slug":"sjobergs-elite-1500-plus-sm03-35001","status":"publish","type":"product","link":"https:\/\/old.sjobergs.se\/en\/product\/sjobergs-elite-1500-plus-sm03-35001\/","title":{"rendered":"Sj\u00f6bergs Elite 1500 + SM03"},"content":{"rendered":"<p class=\"p1\">Sj\u00f6bergs Elite 1500 professionals workbench is both heavier and smarter than most other workbenches on the market. Designed and built by professionals for professionals and available in two sizes \u2013 1500 and 2000.<\/p>\n<p class=\"p1\">The entire bench is constructed in European beech and thoroughly treated with top quality oil. The versatility of the Elite workbench together with the unbeatable strength and quality, allows us to offer the ultimate workstation. The front vise position can be changed to configure the bench for both right- and left-handed users.<\/p>\n<p>4-pack bench dogs in steel included.<\/p>\n","protected":false},"excerpt":{"rendered":"<p>Designad och tillverkad f\u00f6r proffs av proffs. Konstruktion i massiv bok. Behandlad med olja. Den kraftiga kompletta Eliteb\u00e4nken tillsammans med v\u00e5ra smarta tilllbeh\u00f6r g\u00f6r den till en perfekt arbetsplats.<\/p>\n","protected":false},"featured_media":6821,"template":"","meta":{"_acf_changed":false},"product_brand":[],"product_cat":[439,205,236,242,223],"product_tag":[335,372],"class_list":{"0":"post-3331","1":"product","2":"type-product","3":"status-publish","4":"has-post-thumbnail","6":"product_cat-sjobergs-elite-arbetsbankar-for-proffs-en","7":"product_cat-sjobergs-elite-en-category","8":"product_cat-workbenches-for-professionals","9":"product_cat-teachers-benches","10":"product_cat-combination","11":"product_tag-sjobergs-elite-1500-en","12":"product_tag-sm03-en-2","14":"first","15":"instock","16":"taxable","17":"shipping-taxable","18":"purchasable","19":"product-type-simple"},"acf":[],"_links":{"self":[{"href":"https:\/\/old.sjobergs.se\/en\/wp-json\/wp\/v2\/product\/3331","targetHints":{"allow":["GET"]}}],"collection":[{"href":"https:\/\/old.sjobergs.se\/en\/wp-json\/wp\/v2\/product"}],"about":[{"href":"https:\/\/old.sjobergs.se\/en\/wp-json\/wp\/v2\/types\/product"}],"wp:featuredmedia":[{"embeddable":true,"href":"https:\/\/old.sjobergs.se\/en\/wp-json\/wp\/v2\/media\/6821"}],"wp:attachment":[{"href":"https:\/\/old.sjobergs.se\/en\/wp-json\/wp\/v2\/media?parent=3331"}],"wp:term":[{"taxonomy":"product_brand","embeddable":true,"href":"https:\/\/old.sjobergs.se\/en\/wp-json\/wp\/v2\/product_brand?post=3331"},{"taxonomy":"product_cat","embeddable":true,"href":"https:\/\/old.sjobergs.se\/en\/wp-json\/wp\/v2\/product_cat?post=3331"},{"taxonomy":"product_tag","embeddable":true,"href":"https:\/\/old.sjobergs.se\/en\/wp-json\/wp\/v2\/product_tag?post=3331"}],"curies":[{"name":"wp","href":"https:\/\/api.w.org\/{rel}","templated":true}]}}