{"id":8933,"date":"2021-10-26T09:24:14","date_gmt":"2021-10-26T09:25:01","guid":{"rendered":"https:\/\/old.sjobergs.se\/?post_type=product&#038;p=8933"},"modified":"2024-11-11T12:14:04","modified_gmt":"2024-11-11T12:14:04","slug":"sjoebergs-gestell-duplex","status":"publish","type":"product","link":"https:\/\/old.sjobergs.se\/de\/product\/sjoebergs-gestell-duplex\/","title":{"rendered":"Sj\u00f6bergs Gestell Duplex"},"content":{"rendered":"<p>Das Stahlgestell DUPLEX passt zur Platte Duplex mit Art.Nr. 33826. Es l\u00e4\u00dft sich mit dem Gasd\u00e4mpfer Duplex, Art.Nr.33828 oder Hydrauliksatz, Art.Nr. 33795, komplettieren.<br \/>\nGleichfalls passend ist ein frei schwingender Hocker mit Art.Nr. 33200.<\/p>\n<p>Das Mass der Doppelplatte Duplex betr\u00e4gt 1200 x 870 mm.<\/p>\n<p>Soll der freischwindende Hocker zum Einsatz kommen, empfehlen wir die Fixierung des Gestells am Boden.<\/p>\n","protected":false},"excerpt":{"rendered":"<p>Das Stahlgestell DUPLEX passt zur Platte Duplex mit Art.Nr. 33826. Es l\u00e4\u00dft sich mit dem Gasd\u00e4mpfer Duplex, Art.Nr.33828 oder Hydrauliksatz, Art.Nr. 33795, komplettieren. Gleichfalls passend ist ein frei schwingender Hocker mit Art.Nr. 33200. Das Mass der Doppelplatte Duplex betr\u00e4gt 1200 x 870 mm. Soll der freischwindende Hocker zum Einsatz kommen, empfehlen wir die Fixierung des [&hellip;]<\/p>\n","protected":false},"featured_media":8736,"template":"","meta":{"_acf_changed":false},"product_brand":[],"product_cat":[401,245,249,273],"product_tag":[408],"class_list":{"0":"post-8933","1":"product","2":"type-product","3":"status-publish","4":"has-post-thumbnail","6":"product_cat-sjobergs-duplex-de","7":"product_cat-holzwerken","8":"product_cat-schule-und-ausbildung","9":"product_cat-gestell-schule-und-ausbildung","10":"product_tag-duplex-de-2","12":"first","13":"instock","14":"taxable","15":"shipping-taxable","16":"product-type-simple"},"acf":[],"_links":{"self":[{"href":"https:\/\/old.sjobergs.se\/de\/wp-json\/wp\/v2\/product\/8933","targetHints":{"allow":["GET"]}}],"collection":[{"href":"https:\/\/old.sjobergs.se\/de\/wp-json\/wp\/v2\/product"}],"about":[{"href":"https:\/\/old.sjobergs.se\/de\/wp-json\/wp\/v2\/types\/product"}],"wp:featuredmedia":[{"embeddable":true,"href":"https:\/\/old.sjobergs.se\/de\/wp-json\/wp\/v2\/media\/8736"}],"wp:attachment":[{"href":"https:\/\/old.sjobergs.se\/de\/wp-json\/wp\/v2\/media?parent=8933"}],"wp:term":[{"taxonomy":"product_brand","embeddable":true,"href":"https:\/\/old.sjobergs.se\/de\/wp-json\/wp\/v2\/product_brand?post=8933"},{"taxonomy":"product_cat","embeddable":true,"href":"https:\/\/old.sjobergs.se\/de\/wp-json\/wp\/v2\/product_cat?post=8933"},{"taxonomy":"product_tag","embeddable":true,"href":"https:\/\/old.sjobergs.se\/de\/wp-json\/wp\/v2\/product_tag?post=8933"}],"curies":[{"name":"wp","href":"https:\/\/api.w.org\/{rel}","templated":true}]}}