{"id":8928,"date":"2021-10-26T09:33:05","date_gmt":"2021-10-26T09:36:05","guid":{"rendered":"https:\/\/old.sjobergs.se\/?post_type=product&#038;p=8928"},"modified":"2025-03-06T11:16:57","modified_gmt":"2025-03-06T10:16:57","slug":"sjoebergs-platte-duplex","status":"publish","type":"product","link":"https:\/\/old.sjobergs.se\/de\/product\/sjoebergs-platte-duplex\/","title":{"rendered":"Sj\u00f6bergs Platte Duplex"},"content":{"rendered":"<p>SJ\u00d6BERGS PLATTE DUPLEX ist perfekt f\u00fcr eine Person, sei sie Rechts- oder Linksh\u00e4nder*in. Die Platte ist aus massiver Buche, lackiert mit einer St\u00e4rke von 60 mm. Die kr\u00e4ftige Stahlkonstruktion der Zange bietet eine stabile und flexible Handhabung.<br \/>\n4 Bankhaken sind stets Teil des Lieferumfanges.<\/p>\n","protected":false},"excerpt":{"rendered":"<p>SJ\u00d6BERGS PLATTE DUPLEX ist perfekt f\u00fcr eine Person, sei sie Rechts- oder Linksh\u00e4nder*in. Die Platte ist aus massiver Buche, lackiert mit einer St\u00e4rke von 60 mm. Die kr\u00e4ftige Stahlkonstruktion der Zange bietet eine stabile und flexible Handhabung. 4 Bankhaken sind stets Teil des Lieferumfanges.<\/p>\n","protected":false},"featured_media":8714,"template":"","meta":{"_acf_changed":false},"product_brand":[],"product_cat":[401,245,249],"product_tag":[408],"class_list":{"0":"post-8928","1":"product","2":"type-product","3":"status-publish","4":"has-post-thumbnail","6":"product_cat-sjobergs-duplex-de","7":"product_cat-holzwerken","8":"product_cat-schule-und-ausbildung","9":"product_tag-duplex-de-2","11":"first","12":"instock","13":"taxable","14":"shipping-taxable","15":"product-type-simple"},"acf":[],"_links":{"self":[{"href":"https:\/\/old.sjobergs.se\/de\/wp-json\/wp\/v2\/product\/8928","targetHints":{"allow":["GET"]}}],"collection":[{"href":"https:\/\/old.sjobergs.se\/de\/wp-json\/wp\/v2\/product"}],"about":[{"href":"https:\/\/old.sjobergs.se\/de\/wp-json\/wp\/v2\/types\/product"}],"wp:featuredmedia":[{"embeddable":true,"href":"https:\/\/old.sjobergs.se\/de\/wp-json\/wp\/v2\/media\/8714"}],"wp:attachment":[{"href":"https:\/\/old.sjobergs.se\/de\/wp-json\/wp\/v2\/media?parent=8928"}],"wp:term":[{"taxonomy":"product_brand","embeddable":true,"href":"https:\/\/old.sjobergs.se\/de\/wp-json\/wp\/v2\/product_brand?post=8928"},{"taxonomy":"product_cat","embeddable":true,"href":"https:\/\/old.sjobergs.se\/de\/wp-json\/wp\/v2\/product_cat?post=8928"},{"taxonomy":"product_tag","embeddable":true,"href":"https:\/\/old.sjobergs.se\/de\/wp-json\/wp\/v2\/product_tag?post=8928"}],"curies":[{"name":"wp","href":"https:\/\/api.w.org\/{rel}","templated":true}]}}