{"id":8897,"date":"2021-10-18T13:41:34","date_gmt":"2021-10-26T13:41:22","guid":{"rendered":"https:\/\/old.sjobergs.se\/?post_type=product&#038;p=8897"},"modified":"2025-05-05T13:52:16","modified_gmt":"2025-05-05T12:52:16","slug":"sjoebergs-duplex-2","status":"publish","type":"product","link":"https:\/\/old.sjobergs.se\/de\/product\/sjoebergs-duplex-2\/","title":{"rendered":"Sj\u00f6bergs Duplex 2"},"content":{"rendered":"<p>SJ\u00d6BERGS DUPLEX 2 ist die perfekte Werkstation f\u00fcr zwei Personen, seien sie Rechts- oder Linksh\u00e4nder*innen. Die Platte ist aus massiver Buche, lackiert, mit einer St\u00e4rke von 60 mm.<br \/>\nDie kr\u00e4ftige Stahlkonstruktion der Zange bietet eine stabile undflexible Handhabung. Die H\u00f6he des Gestells l\u00e4\u00dft sich zwischen 700 und 900 mm variieren.<br \/>\nF\u00fcr noch leichtere Bedienung ist der Hydrauliksatz der Gasfederung vorzuziehen.<\/p>\n<p>SJ\u00d6BERGS DUPLEX 2<br \/>\nBESTEHT AUS :<br \/>\n2 x 33826 PLATTE DUPLEX<br \/>\n1 x 33827 GESTELL DUPLEX<br \/>\n1 x 33828 GASFEDERUNG<br \/>\n2 x 33200 FREI SCHWINGENDE HOCKER<br \/>\n2 x 33383 SCHUTZBACKEN<br \/>\n2 x 33636 SPANNZWINGE<br \/>\n2 x 33290 BANKHAKEN<\/p>\n","protected":false},"excerpt":{"rendered":"<p>SJ\u00d6BERGS DUPLEX 2 ist die perfekte Werkstation f\u00fcr zwei Personen, seien sie Rechts- oder Linksh\u00e4nder*innen. Die Platte ist aus massiver Buche, lackiert, mit einer St\u00e4rke von 60 mm. Die kr\u00e4ftige Stahlkonstruktion der Zange bietet eine stabile undflexible Handhabung. Die H\u00f6he des Gestells l\u00e4\u00dft sich zwischen 700 und 900 mm variieren. F\u00fcr noch leichtere Bedienung ist [&hellip;]<\/p>\n","protected":false},"featured_media":8745,"template":"","meta":{"_acf_changed":false},"product_brand":[],"product_cat":[401,245,249],"product_tag":[408],"class_list":{"0":"post-8897","1":"product","2":"type-product","3":"status-publish","4":"has-post-thumbnail","6":"product_cat-sjobergs-duplex-de","7":"product_cat-holzwerken","8":"product_cat-schule-und-ausbildung","9":"product_tag-duplex-de-2","11":"first","12":"instock","13":"taxable","14":"shipping-taxable","15":"product-type-simple"},"acf":[],"_links":{"self":[{"href":"https:\/\/old.sjobergs.se\/de\/wp-json\/wp\/v2\/product\/8897","targetHints":{"allow":["GET"]}}],"collection":[{"href":"https:\/\/old.sjobergs.se\/de\/wp-json\/wp\/v2\/product"}],"about":[{"href":"https:\/\/old.sjobergs.se\/de\/wp-json\/wp\/v2\/types\/product"}],"wp:featuredmedia":[{"embeddable":true,"href":"https:\/\/old.sjobergs.se\/de\/wp-json\/wp\/v2\/media\/8745"}],"wp:attachment":[{"href":"https:\/\/old.sjobergs.se\/de\/wp-json\/wp\/v2\/media?parent=8897"}],"wp:term":[{"taxonomy":"product_brand","embeddable":true,"href":"https:\/\/old.sjobergs.se\/de\/wp-json\/wp\/v2\/product_brand?post=8897"},{"taxonomy":"product_cat","embeddable":true,"href":"https:\/\/old.sjobergs.se\/de\/wp-json\/wp\/v2\/product_cat?post=8897"},{"taxonomy":"product_tag","embeddable":true,"href":"https:\/\/old.sjobergs.se\/de\/wp-json\/wp\/v2\/product_tag?post=8897"}],"curies":[{"name":"wp","href":"https:\/\/api.w.org\/{rel}","templated":true}]}}