{"id":8881,"date":"2021-10-26T09:39:18","date_gmt":"2021-10-26T09:40:06","guid":{"rendered":"https:\/\/old.sjobergs.se\/?post_type=product&#038;p=8881"},"modified":"2025-03-04T17:07:31","modified_gmt":"2025-03-04T16:07:31","slug":"sjoebergs-duplex-1","status":"publish","type":"product","link":"https:\/\/old.sjobergs.se\/de\/product\/sjoebergs-duplex-1\/","title":{"rendered":"Sj\u00f6bergs Duplex 1"},"content":{"rendered":"<p>SJ\u00d6BERGS DUPLEX 1 ist die perfekte Werkstation f\u00fcr eine Person, sei sie Rechts- oder Lindsh\u00e4nder*in. Die leichte Zug\u00e4nglichkeit mit Rollstuhl ist gleichfalls gegeben.<br \/>\nDie Platte ist aus massiver Buche, lackiert, mit einer St\u00e4rke von 60 mm. Die kr\u00e4ftige Stahlkonstruktion der Zange bietet eine stabile und flexible Handhabung.<br \/>\nDas Untergestell &#8211;\u00a0 ein elektrisch angetriebener Lift mit einer H\u00f6henverstellung zwishceb 700 und 1100 mm l\u00e4sst sich mit einer Bodenplatte mit Artikel Nr. 33342 kombinieren.<\/p>\n<p>SJ\u00d6BERGS DUPLEX 1 BESTEHT AUS:<br \/>\n1 x 33826 Platte Duplex<br \/>\n1 x 33275 H\u00f6henverstellbarer Elektrolift<br \/>\n1 x 33383 Schutzbacken<br \/>\n1 x 33636 Spannzwinge<br \/>\n1 x 33290 Bankhaken<\/p>\n","protected":false},"excerpt":{"rendered":"<p>SJ\u00d6BERGS DUPLEX 1 ist die perfekte Werkstation f\u00fcr eine Person, sei sie Rechts- oder Lindsh\u00e4nder*in. Die leichte Zug\u00e4nglichkeit mit Rollstuhl ist gleichfalls gegeben. Die Platte ist aus massiver Buche, lackiert, mit einer St\u00e4rke von 60 mm. Die kr\u00e4ftige Stahlkonstruktion der Zange bietet eine stabile und flexible Handhabung. Das Untergestell &#8211;\u00a0 ein elektrisch angetriebener Lift mit [&hellip;]<\/p>\n","protected":false},"featured_media":8694,"template":"","meta":{"_acf_changed":false},"product_brand":[],"product_cat":[401,245,249],"product_tag":[408],"class_list":{"0":"post-8881","1":"product","2":"type-product","3":"status-publish","4":"has-post-thumbnail","6":"product_cat-sjobergs-duplex-de","7":"product_cat-holzwerken","8":"product_cat-schule-und-ausbildung","9":"product_tag-duplex-de-2","11":"first","12":"instock","13":"taxable","14":"shipping-taxable","15":"product-type-simple"},"acf":[],"_links":{"self":[{"href":"https:\/\/old.sjobergs.se\/de\/wp-json\/wp\/v2\/product\/8881","targetHints":{"allow":["GET"]}}],"collection":[{"href":"https:\/\/old.sjobergs.se\/de\/wp-json\/wp\/v2\/product"}],"about":[{"href":"https:\/\/old.sjobergs.se\/de\/wp-json\/wp\/v2\/types\/product"}],"wp:featuredmedia":[{"embeddable":true,"href":"https:\/\/old.sjobergs.se\/de\/wp-json\/wp\/v2\/media\/8694"}],"wp:attachment":[{"href":"https:\/\/old.sjobergs.se\/de\/wp-json\/wp\/v2\/media?parent=8881"}],"wp:term":[{"taxonomy":"product_brand","embeddable":true,"href":"https:\/\/old.sjobergs.se\/de\/wp-json\/wp\/v2\/product_brand?post=8881"},{"taxonomy":"product_cat","embeddable":true,"href":"https:\/\/old.sjobergs.se\/de\/wp-json\/wp\/v2\/product_cat?post=8881"},{"taxonomy":"product_tag","embeddable":true,"href":"https:\/\/old.sjobergs.se\/de\/wp-json\/wp\/v2\/product_tag?post=8881"}],"curies":[{"name":"wp","href":"https:\/\/api.w.org\/{rel}","templated":true}]}}