{"id":8845,"date":"2021-10-08T11:20:16","date_gmt":"2021-10-08T11:20:17","guid":{"rendered":"https:\/\/old.sjobergs.se\/?post_type=product&#038;p=8845"},"modified":"2024-11-11T09:22:45","modified_gmt":"2024-11-11T09:22:45","slug":"matte-naehmaschinentisch","status":"publish","type":"product","link":"https:\/\/old.sjobergs.se\/de\/product\/matte-naehmaschinentisch\/","title":{"rendered":"Schaumstoffmatte f\u00fcr N\u00e4htisch"},"content":{"rendered":"<p>Schaumstoffmatte f\u00fcr N\u00e4htisch.D\u00e4mpft die Vibration der N\u00e4hmaschine und verhindert das Bewegen der Maschine.<\/p>\n","protected":false},"excerpt":{"rendered":"<p>Schaumstoffmatte f\u00fcr N\u00e4htisch.D\u00e4mpft die Vibration der N\u00e4hmaschine und verhindert das Bewegen der Maschine.<\/p>\n","protected":false},"featured_media":2966,"template":"","meta":{"_acf_changed":false},"product_brand":[],"product_cat":[250,255,249],"product_tag":[198],"class_list":{"0":"post-8845","1":"product","2":"type-product","3":"status-publish","4":"has-post-thumbnail","6":"product_cat-textiles-werken","7":"product_cat-zubehor-und-ersatzteile-textiles-arbeiten","8":"product_cat-schule-und-ausbildung","9":"product_tag-skap-1-de","11":"first","12":"instock","13":"taxable","14":"shipping-taxable","15":"purchasable","16":"product-type-simple"},"acf":[],"_links":{"self":[{"href":"https:\/\/old.sjobergs.se\/de\/wp-json\/wp\/v2\/product\/8845","targetHints":{"allow":["GET"]}}],"collection":[{"href":"https:\/\/old.sjobergs.se\/de\/wp-json\/wp\/v2\/product"}],"about":[{"href":"https:\/\/old.sjobergs.se\/de\/wp-json\/wp\/v2\/types\/product"}],"wp:featuredmedia":[{"embeddable":true,"href":"https:\/\/old.sjobergs.se\/de\/wp-json\/wp\/v2\/media\/2966"}],"wp:attachment":[{"href":"https:\/\/old.sjobergs.se\/de\/wp-json\/wp\/v2\/media?parent=8845"}],"wp:term":[{"taxonomy":"product_brand","embeddable":true,"href":"https:\/\/old.sjobergs.se\/de\/wp-json\/wp\/v2\/product_brand?post=8845"},{"taxonomy":"product_cat","embeddable":true,"href":"https:\/\/old.sjobergs.se\/de\/wp-json\/wp\/v2\/product_cat?post=8845"},{"taxonomy":"product_tag","embeddable":true,"href":"https:\/\/old.sjobergs.se\/de\/wp-json\/wp\/v2\/product_tag?post=8845"}],"curies":[{"name":"wp","href":"https:\/\/api.w.org\/{rel}","templated":true}]}}