{"id":6915,"date":"2020-12-02T10:44:34","date_gmt":"2020-12-02T10:44:34","guid":{"rendered":"https:\/\/old.sjobergs.se\/?post_type=product&#038;p=6915"},"modified":"2025-05-08T07:36:27","modified_gmt":"2025-05-08T06:36:27","slug":"sjobergs-nordic-pro-1400-sm07-35026","status":"publish","type":"product","link":"https:\/\/old.sjobergs.se\/de\/product\/sjobergs-nordic-pro-1400-sm07-35026\/","title":{"rendered":"Sj\u00f6bergs Nordic Pro 1400 + SM07"},"content":{"rendered":"<p>NEU!<\/p>\n<p>Neben unserer Hobelbank Sj\u00f6bergs Nordic Plus 1450 in nordischer Birke\u00a0 gibt es jetzt die neue \u00a0Modell-Variante Sj\u00f6bergs Nordic PRO 1400. Es eine stabile, widerstandsf\u00e4hige und flexible Hobelbank, in dieser Version aus massiver Buche.<br \/>\nVorder- und Hinterzange \u00a0der Arbeitsplatte lassen sich frei positionieren und bieten nicht nur Rechts- sondern auch Linksh\u00e4ndern ideale Voraussetzungen. Die 19 mm Bohrungen der Platte erm\u00f6glichen mit doppelter Bankhakenreihe und versenkbaren Bankhaken eine Vielzahl von Fixierungen selbst bei Bearbeitung unregelm\u00e4\u00dfiger Werkst\u00fccke.<\/p>\n<p>Dies ist die perfekte Hobelbank f\u00fcr Anwender*innen mit hohem Anspruch an Qualit\u00e4t und Verarbeitung, aber eher wenig Platz in der Werkstatt.<\/p>\n<div class=\"product__desc\">\n<p>4 Bankhaken sind stets Teil des Lieferumfanges.<\/p>\n<\/div>\n<div class=\"product__dist-wrapper\">\n<div class=\"form-group\"><\/div>\n<\/div>\n","protected":false},"excerpt":{"rendered":"<p>NEU! Neben unserer Hobelbank Sj\u00f6bergs Nordic Plus 1450 in nordischer Birke\u00a0 gibt es jetzt die neue \u00a0Modell-Variante Sj\u00f6bergs Nordic PRO 1400. Es eine stabile, widerstandsf\u00e4hige und flexible Hobelbank, in dieser Version aus massiver Buche. Vorder- und Hinterzange \u00a0der Arbeitsplatte lassen sich frei positionieren und bieten nicht nur Rechts- sondern auch Linksh\u00e4ndern ideale Voraussetzungen. Die 19 [&hellip;]<\/p>\n","protected":false},"featured_media":6875,"template":"","meta":{"_acf_changed":false},"product_brand":[],"product_cat":[381,237],"product_tag":[338,376,377],"class_list":{"0":"post-6915","1":"product","2":"type-product","3":"status-publish","4":"has-post-thumbnail","6":"product_cat-sjobergs-nordic-pro-1400-de","7":"product_cat-hobelbaenke_fuer_profis","8":"product_tag-sm07-de","9":"product_tag-nordic-de","10":"product_tag-nordic-pro-1400-de","11":"product_shipping_class-10-pa-order-de","13":"first","14":"instock","15":"taxable","16":"shipping-taxable","17":"purchasable","18":"product-type-simple"},"acf":[],"_links":{"self":[{"href":"https:\/\/old.sjobergs.se\/de\/wp-json\/wp\/v2\/product\/6915","targetHints":{"allow":["GET"]}}],"collection":[{"href":"https:\/\/old.sjobergs.se\/de\/wp-json\/wp\/v2\/product"}],"about":[{"href":"https:\/\/old.sjobergs.se\/de\/wp-json\/wp\/v2\/types\/product"}],"wp:featuredmedia":[{"embeddable":true,"href":"https:\/\/old.sjobergs.se\/de\/wp-json\/wp\/v2\/media\/6875"}],"wp:attachment":[{"href":"https:\/\/old.sjobergs.se\/de\/wp-json\/wp\/v2\/media?parent=6915"}],"wp:term":[{"taxonomy":"product_brand","embeddable":true,"href":"https:\/\/old.sjobergs.se\/de\/wp-json\/wp\/v2\/product_brand?post=6915"},{"taxonomy":"product_cat","embeddable":true,"href":"https:\/\/old.sjobergs.se\/de\/wp-json\/wp\/v2\/product_cat?post=6915"},{"taxonomy":"product_tag","embeddable":true,"href":"https:\/\/old.sjobergs.se\/de\/wp-json\/wp\/v2\/product_tag?post=6915"}],"curies":[{"name":"wp","href":"https:\/\/api.w.org\/{rel}","templated":true}]}}