{"id":6709,"date":"2021-02-12T08:11:04","date_gmt":"2021-02-12T08:17:50","guid":{"rendered":"https:\/\/old.sjobergs.se\/?post_type=product&#038;p=6709"},"modified":"2025-05-05T13:36:59","modified_gmt":"2025-05-05T12:36:59","slug":"sjoebergs-bodenplatte-fuer-elektr-betriebene-saeule-33342","status":"publish","type":"product","link":"https:\/\/old.sjobergs.se\/de\/product\/sjoebergs-bodenplatte-fuer-elektr-betriebene-saeule-33342\/","title":{"rendered":"Bodenplatte f\u00fcr elektr. betriebene S\u00e4ule"},"content":{"rendered":"<p>Extra Metallplatte 500&#215;800 mm f\u00fcr B\u00f6den mit unregelm\u00e4\u00dfiger Struktur oder Fu\u00dfbodenheizung, die eine Direktmontage der elektrische S\u00e4ule nicht zulassen.<\/p>\n<p>Wird als Zubeh\u00f6rteil angeboten.<\/p>\n","protected":false},"excerpt":{"rendered":"<p>Extra Metallplatte 500&#215;800 mm f\u00fcr B\u00f6den mit unregelm\u00e4\u00dfiger Struktur oder Fu\u00dfbodenheizung, die eine Direktmontage der elektrische S\u00e4ule nicht zulassen. Wird als Zubeh\u00f6rteil angeboten.<\/p>\n","protected":false},"featured_media":8712,"template":"","meta":{"_acf_changed":false},"product_brand":[],"product_cat":[401,245,249,273],"product_tag":[387],"class_list":{"0":"post-6709","1":"product","2":"type-product","3":"status-publish","4":"has-post-thumbnail","6":"product_cat-sjobergs-duplex-de","7":"product_cat-holzwerken","8":"product_cat-schule-und-ausbildung","9":"product_cat-gestell-schule-und-ausbildung","10":"product_tag-hoehenverstellbar-saeule","12":"first","13":"instock","14":"taxable","15":"shipping-taxable","16":"purchasable","17":"product-type-simple"},"acf":[],"_links":{"self":[{"href":"https:\/\/old.sjobergs.se\/de\/wp-json\/wp\/v2\/product\/6709","targetHints":{"allow":["GET"]}}],"collection":[{"href":"https:\/\/old.sjobergs.se\/de\/wp-json\/wp\/v2\/product"}],"about":[{"href":"https:\/\/old.sjobergs.se\/de\/wp-json\/wp\/v2\/types\/product"}],"wp:featuredmedia":[{"embeddable":true,"href":"https:\/\/old.sjobergs.se\/de\/wp-json\/wp\/v2\/media\/8712"}],"wp:attachment":[{"href":"https:\/\/old.sjobergs.se\/de\/wp-json\/wp\/v2\/media?parent=6709"}],"wp:term":[{"taxonomy":"product_brand","embeddable":true,"href":"https:\/\/old.sjobergs.se\/de\/wp-json\/wp\/v2\/product_brand?post=6709"},{"taxonomy":"product_cat","embeddable":true,"href":"https:\/\/old.sjobergs.se\/de\/wp-json\/wp\/v2\/product_cat?post=6709"},{"taxonomy":"product_tag","embeddable":true,"href":"https:\/\/old.sjobergs.se\/de\/wp-json\/wp\/v2\/product_tag?post=6709"}],"curies":[{"name":"wp","href":"https:\/\/api.w.org\/{rel}","templated":true}]}}