{"id":6024,"date":"2020-06-23T10:10:20","date_gmt":"2020-06-23T10:10:20","guid":{"rendered":"http:\/\/beta.sjobergs.se\/product\/sjobergs-elite-2000-clamping-platform\/"},"modified":"2024-11-11T09:57:55","modified_gmt":"2024-11-11T09:57:55","slug":"sjobergs-elite-2000-clamping-platform-35024","status":"publish","type":"product","link":"https:\/\/old.sjobergs.se\/de\/product\/sjobergs-elite-2000-clamping-platform-35024\/","title":{"rendered":"Sj\u00f6bergs Elite 2000 + Sj\u00f6bergs Clamping Platform"},"content":{"rendered":"<p>\u2013 HOBELBANK F\u00dcR PROFIS!<br \/>\nSJ\u00d6BERGS ELITE <span class=\"s1\">Hobelb\u00e4nke kombiniert mit der neuen SJ\u00d6BERGS <\/span><span class=\"s1\">CLAMPING PLATFORM bieten nicht nur eine l\u00e4ngere <\/span><span class=\"s1\">Arbeitsfl\u00e4che: Dank der 19 mm Bohrungen auf der <\/span><span class=\"s1\">Verl\u00e4ngerung gibt es zus\u00e4tzliche Einsatzm\u00f6glichkeiten <\/span><span class=\"s1\">f\u00fcr viele auf dem Markt befindliche Werkzeuge und <\/span><span class=\"s1\">auch unserer Spannzwinge ST11.<br \/>\n<\/span><\/p>\n<p><span class=\"s1\">Werkst\u00fccke lassen sich sowohl von oben als auch <\/span><span class=\"s1\">seitlich an allen Au\u00dfenkanten der CLAMPING PLATFORM <\/span><span class=\"s1\">einspannen. <\/span><span class=\"s1\">Die Hobelbank-Kombination aus europ\u00e4ischer Buche <\/span><span class=\"s1\">(mit erstklassiger \u00d6lbehandlung!) hat eine L\u00e4nge von <\/span><span class=\"s1\">2425 mm. <\/span><\/p>\n<p><span class=\"s1\">Bankhaken 33290 und 33293 sind stets Teil des Lieferumfanges.<\/span><\/p>\n","protected":false},"excerpt":{"rendered":"<p>\u2013 HOBELBANK F\u00dcR PROFIS! SJ\u00d6BERGS ELITE Hobelb\u00e4nke kombiniert mit der neuen SJ\u00d6BERGS CLAMPING PLATFORM bieten nicht nur eine l\u00e4ngere Arbeitsfl\u00e4che: Dank der 19 mm Bohrungen auf der Verl\u00e4ngerung gibt es zus\u00e4tzliche Einsatzm\u00f6glichkeiten f\u00fcr viele auf dem Markt befindliche Werkzeuge und auch unserer Spannzwinge ST11. Werkst\u00fccke lassen sich sowohl von oben als auch seitlich an allen [&hellip;]<\/p>\n","protected":false},"featured_media":4720,"template":"","meta":{"_acf_changed":false},"product_brand":[],"product_cat":[440,206,243,237],"product_tag":[357],"class_list":{"0":"post-6024","1":"product","2":"type-product","3":"status-publish","4":"has-post-thumbnail","6":"product_cat-sjobergs-elite-arbetsbankar-for-proffs-de","7":"product_cat-sjobergs-elite-de-werkbanke-fur-tischlerei-herstellung","8":"product_cat-hobelbaenkefuerlehrerausbilder","9":"product_cat-hobelbaenke_fuer_profis","10":"product_tag-sjobergs-elite-2000-de","12":"first","13":"instock","14":"taxable","15":"shipping-taxable","16":"purchasable","17":"product-type-simple"},"acf":[],"_links":{"self":[{"href":"https:\/\/old.sjobergs.se\/de\/wp-json\/wp\/v2\/product\/6024","targetHints":{"allow":["GET"]}}],"collection":[{"href":"https:\/\/old.sjobergs.se\/de\/wp-json\/wp\/v2\/product"}],"about":[{"href":"https:\/\/old.sjobergs.se\/de\/wp-json\/wp\/v2\/types\/product"}],"wp:featuredmedia":[{"embeddable":true,"href":"https:\/\/old.sjobergs.se\/de\/wp-json\/wp\/v2\/media\/4720"}],"wp:attachment":[{"href":"https:\/\/old.sjobergs.se\/de\/wp-json\/wp\/v2\/media?parent=6024"}],"wp:term":[{"taxonomy":"product_brand","embeddable":true,"href":"https:\/\/old.sjobergs.se\/de\/wp-json\/wp\/v2\/product_brand?post=6024"},{"taxonomy":"product_cat","embeddable":true,"href":"https:\/\/old.sjobergs.se\/de\/wp-json\/wp\/v2\/product_cat?post=6024"},{"taxonomy":"product_tag","embeddable":true,"href":"https:\/\/old.sjobergs.se\/de\/wp-json\/wp\/v2\/product_tag?post=6024"}],"curies":[{"name":"wp","href":"https:\/\/api.w.org\/{rel}","templated":true}]}}