{"id":5202,"date":"2020-06-23T10:14:44","date_gmt":"2020-06-23T10:14:44","guid":{"rendered":"http:\/\/previewsjobergs.se.loopiadns.com\/product\/sjobergs-elite-1500clamping-platform\/"},"modified":"2024-11-11T12:11:50","modified_gmt":"2024-11-11T12:11:50","slug":"sjoebergs-elite-1500-clamping-platform-35023","status":"publish","type":"product","link":"https:\/\/old.sjobergs.se\/de\/product\/sjoebergs-elite-1500-clamping-platform-35023\/","title":{"rendered":"Sj\u00f6bergs Elite 1500 + Sj\u00f6bergs Clamping Platform"},"content":{"rendered":"<p>\u2013 HOBELBANK F\u00dcR PROFIS!<br \/>\n<span class=\"s1\">SJ\u00d6BERGS ELITE 1500\u00a0 kombiniert mit der neuen SJ\u00d6BERGS <\/span><span class=\"s1\">CLAMPING PLATFORM bietet nicht nur eine l\u00e4ngere <\/span><span class=\"s1\">Arbeitsfl\u00e4che: Dank der 19 mm Bohrungen auf der <\/span><span class=\"s1\">Verl\u00e4ngerung gibt es zus\u00e4tzliche Einsatzm\u00f6glichkeiten <\/span><span class=\"s1\">f\u00fcr viele auf dem Markt befindliche Werkzeuge und <\/span><span class=\"s1\">auch unserer Spannzwinge ST11.<\/span><\/p>\n<p class=\"p1\"><span class=\"s1\">Werkst\u00fccke lassen sich sowohl von oben als auch <\/span><span class=\"s1\">seitlich an allen Au\u00dfenkanten der CLAMPING PLATFORM <\/span><span class=\"s1\">einspannen. <\/span><span class=\"s1\">Die Hobelbank-Kombination aus europ\u00e4ischer Buche <\/span><span class=\"s1\">(mit erstklassiger \u00d6lbehandlung!) hat eine L\u00e4nge von <\/span><span class=\"s1\">2000 mm.<\/span><\/p>\n<p class=\"p1\"><span class=\"s1\"><br \/>\n<\/span><span class=\"s1\">Bankhaken 33290 und 33290 sind stets Teil des Lieferumfanges.<\/span><\/p>\n","protected":false},"excerpt":{"rendered":"<p>Designad och tillverkad f\u00f6r proffs av proffs. Konstruktion i massiv bok. Behandlad med olja. Den kraftiga Eliteb\u00e4nken tillsammans med v\u00e5ra smarta tilllbeh\u00f6r g\u00f6r den till en perfekt arbetsplats.<\/p>\n","protected":false},"featured_media":1719,"template":"","meta":{"_acf_changed":false},"product_brand":[],"product_cat":[440,206,243,237],"product_tag":[340],"class_list":{"0":"post-5202","1":"product","2":"type-product","3":"status-publish","4":"has-post-thumbnail","6":"product_cat-sjobergs-elite-arbetsbankar-for-proffs-de","7":"product_cat-sjobergs-elite-de-werkbanke-fur-tischlerei-herstellung","8":"product_cat-hobelbaenkefuerlehrerausbilder","9":"product_cat-hobelbaenke_fuer_profis","10":"product_tag-elite1500-de","12":"first","13":"instock","14":"taxable","15":"shipping-taxable","16":"purchasable","17":"product-type-simple"},"acf":[],"_links":{"self":[{"href":"https:\/\/old.sjobergs.se\/de\/wp-json\/wp\/v2\/product\/5202","targetHints":{"allow":["GET"]}}],"collection":[{"href":"https:\/\/old.sjobergs.se\/de\/wp-json\/wp\/v2\/product"}],"about":[{"href":"https:\/\/old.sjobergs.se\/de\/wp-json\/wp\/v2\/types\/product"}],"wp:featuredmedia":[{"embeddable":true,"href":"https:\/\/old.sjobergs.se\/de\/wp-json\/wp\/v2\/media\/1719"}],"wp:attachment":[{"href":"https:\/\/old.sjobergs.se\/de\/wp-json\/wp\/v2\/media?parent=5202"}],"wp:term":[{"taxonomy":"product_brand","embeddable":true,"href":"https:\/\/old.sjobergs.se\/de\/wp-json\/wp\/v2\/product_brand?post=5202"},{"taxonomy":"product_cat","embeddable":true,"href":"https:\/\/old.sjobergs.se\/de\/wp-json\/wp\/v2\/product_cat?post=5202"},{"taxonomy":"product_tag","embeddable":true,"href":"https:\/\/old.sjobergs.se\/de\/wp-json\/wp\/v2\/product_tag?post=5202"}],"curies":[{"name":"wp","href":"https:\/\/api.w.org\/{rel}","templated":true}]}}