{"id":4647,"date":"2020-06-23T06:13:40","date_gmt":"2020-06-17T15:09:28","guid":{"rendered":"http:\/\/previewsjobergs.se.loopiadns.com\/product\/sjoebergs-schule-4-mit-holzgestell\/"},"modified":"2024-11-11T12:40:48","modified_gmt":"2024-11-11T12:40:48","slug":"sjoebergs-schule-4-holzgestell-35015","status":"publish","type":"product","link":"https:\/\/old.sjobergs.se\/de\/product\/sjoebergs-schule-4-holzgestell-35015\/","title":{"rendered":"Sj\u00f6bergs Schule-4, Holzgestell 1300"},"content":{"rendered":"<p>SJ\u00d6BERGS SCHULE-4. Buche, lackiert. Das Ma\u00df der 4-Werkstation ist ca 1400x1400x38 mm. Die Platte hat doppelte Bankhakenreihen mit runden L\u00f6chern fu\u0308r die Bankhaken. Die Bankhaken, rund, aus Nylon\/Glasfaser.<br \/>\nHolzgestell aus Buche. Arbeitsh\u00f6he 900 mm.<\/p>\n<ul>\n<li><strong>SJ\u00d6BERGS SCHULE-4 35015 BESTEHT AUS:<\/strong><\/li>\n<li>1 x 33268 PLATTE mit WERZEUGKAST<\/li>\n<li>1 x 33269 HOLZGESTELL 1300, 4-WERKSTATION<\/li>\n<li>4 x 33381 SCHUTZBACKEN, paar<\/li>\n<li>4 x 33636 SPANNZWINGE<\/li>\n<li>4 x 33290 BANKHAKEN, paar<\/li>\n<\/ul>\n","protected":false},"excerpt":{"rendered":"<p>SJ\u00d6BERGS SCHULE-4. Buche, lackiert. Das Ma\u00df der 4-Werkstation ist ca 1400x1400x38 mm. Die Platte hat doppelte Bankhakenreihen mit runden L\u00f6chern fu\u0308r die Bankhaken. Die Bankhaken, rund, aus Nylon\/Glasfaser. Holzgestell aus Buche. Arbeitsh\u00f6he 900 mm. SJ\u00d6BERGS SCHULE-4 35015 BESTEHT AUS: 1 x 33268 PLATTE mit WERZEUGKAST 1 x 33269 HOLZGESTELL 1300, 4-WERKSTATION 4 x 33381 SCHUTZBACKEN, [&hellip;]<\/p>\n","protected":false},"featured_media":4636,"template":"","meta":{"_acf_changed":false},"product_brand":[],"product_cat":[249,271],"product_tag":[],"class_list":{"0":"post-4647","1":"product","2":"type-product","3":"status-publish","4":"has-post-thumbnail","6":"product_cat-schule-und-ausbildung","7":"product_cat-sjobergs-schule-4-de","9":"first","10":"instock","11":"taxable","12":"shipping-taxable","13":"purchasable","14":"product-type-simple"},"acf":[],"_links":{"self":[{"href":"https:\/\/old.sjobergs.se\/de\/wp-json\/wp\/v2\/product\/4647","targetHints":{"allow":["GET"]}}],"collection":[{"href":"https:\/\/old.sjobergs.se\/de\/wp-json\/wp\/v2\/product"}],"about":[{"href":"https:\/\/old.sjobergs.se\/de\/wp-json\/wp\/v2\/types\/product"}],"wp:featuredmedia":[{"embeddable":true,"href":"https:\/\/old.sjobergs.se\/de\/wp-json\/wp\/v2\/media\/4636"}],"wp:attachment":[{"href":"https:\/\/old.sjobergs.se\/de\/wp-json\/wp\/v2\/media?parent=4647"}],"wp:term":[{"taxonomy":"product_brand","embeddable":true,"href":"https:\/\/old.sjobergs.se\/de\/wp-json\/wp\/v2\/product_brand?post=4647"},{"taxonomy":"product_cat","embeddable":true,"href":"https:\/\/old.sjobergs.se\/de\/wp-json\/wp\/v2\/product_cat?post=4647"},{"taxonomy":"product_tag","embeddable":true,"href":"https:\/\/old.sjobergs.se\/de\/wp-json\/wp\/v2\/product_tag?post=4647"}],"curies":[{"name":"wp","href":"https:\/\/api.w.org\/{rel}","templated":true}]}}