{"id":4628,"date":"2020-06-22T14:16:18","date_gmt":"2020-06-22T14:16:18","guid":{"rendered":"http:\/\/previewsjobergs.se.loopiadns.com\/?post_type=product&#038;p=4628"},"modified":"2025-04-09T10:16:35","modified_gmt":"2025-04-09T09:16:35","slug":"sjoebergs-original-1900-clamping-platform-sm05-35018","status":"publish","type":"product","link":"https:\/\/old.sjobergs.se\/de\/product\/sjoebergs-original-1900-clamping-platform-sm05-35018\/","title":{"rendered":"Sj\u00f6bergs Original 1900 + Clamping Platform + SM05"},"content":{"rendered":"<p>\u2013 HOBELBANK F\u00dcR PROFIS!<br \/>\nSJ\u00d6BERGS ORIGINAL 1900<span class=\"s1\"> kombiniert mit der neuen\u00a0<\/span><span class=\"s1\">CLAMPING PLATFORM bieten nicht nur eine l\u00e4ngere <\/span><span class=\"s1\">Arbeitsfl\u00e4che: Dank der 19 mm Bohrungen auf der <\/span><span class=\"s1\">Verl\u00e4ngerung gibt es zus\u00e4tzliche Einsatzm\u00f6glichkeiten <\/span><span class=\"s1\">f\u00fcr viele auf dem Markt befindliche Werkzeuge und <\/span><span class=\"s1\">auch unserer Spannzwinge ST 11.<br \/>\n<\/span><\/p>\n<p><span class=\"s1\">Werkst\u00fccke lassen sich sowohl von oben als auch <\/span><span class=\"s1\">seitlich an allen Au\u00dfenkanten der CLAMPING PLATFORM <\/span><span class=\"s1\">einspannen. <\/span><span class=\"s1\">Die Hobelbank-Kombination aus europ\u00e4ischer Buche <\/span><span class=\"s1\">(mit erstklassiger \u00d6lbehandlung!) hat eine L\u00e4nge von <\/span><span class=\"s1\">2425 mm.<br \/>\n<\/span><span class=\"s1\">Bankhaken in rund und eckig sind stets Teil des Lieferumfanges.<br \/>\n<\/span>Schrank SM05 zu Sj\u00f6bergs Original 1900 ist enthalten.<\/p>\n<p>&nbsp;<\/p>\n","protected":false},"excerpt":{"rendered":"<h2><\/h2>\n<p>&nbsp;<\/p>\n","protected":false},"featured_media":1948,"template":"","meta":{"_acf_changed":false},"product_brand":[],"product_cat":[243,224,210,237],"product_tag":[],"class_list":{"0":"post-4628","1":"product","2":"type-product","3":"status-publish","4":"has-post-thumbnail","6":"product_cat-hobelbaenkefuerlehrerausbilder","7":"product_cat-kombination-de","8":"product_cat-sjobergs-original-1900-de-werkbanke-fur-tischlerei-herstellung","9":"product_cat-hobelbaenke_fuer_profis","11":"first","12":"instock","13":"taxable","14":"shipping-taxable","15":"purchasable","16":"product-type-simple"},"acf":[],"_links":{"self":[{"href":"https:\/\/old.sjobergs.se\/de\/wp-json\/wp\/v2\/product\/4628","targetHints":{"allow":["GET"]}}],"collection":[{"href":"https:\/\/old.sjobergs.se\/de\/wp-json\/wp\/v2\/product"}],"about":[{"href":"https:\/\/old.sjobergs.se\/de\/wp-json\/wp\/v2\/types\/product"}],"wp:featuredmedia":[{"embeddable":true,"href":"https:\/\/old.sjobergs.se\/de\/wp-json\/wp\/v2\/media\/1948"}],"wp:attachment":[{"href":"https:\/\/old.sjobergs.se\/de\/wp-json\/wp\/v2\/media?parent=4628"}],"wp:term":[{"taxonomy":"product_brand","embeddable":true,"href":"https:\/\/old.sjobergs.se\/de\/wp-json\/wp\/v2\/product_brand?post=4628"},{"taxonomy":"product_cat","embeddable":true,"href":"https:\/\/old.sjobergs.se\/de\/wp-json\/wp\/v2\/product_cat?post=4628"},{"taxonomy":"product_tag","embeddable":true,"href":"https:\/\/old.sjobergs.se\/de\/wp-json\/wp\/v2\/product_tag?post=4628"}],"curies":[{"name":"wp","href":"https:\/\/api.w.org\/{rel}","templated":true}]}}