{"id":4450,"date":"2020-06-18T05:51:19","date_gmt":"2020-06-18T05:51:19","guid":{"rendered":"http:\/\/previewsjobergs.se.loopiadns.com\/product\/traskruv-45-mm\/"},"modified":"2024-11-11T09:08:30","modified_gmt":"2024-11-11T09:08:30","slug":"holzschraube-45-mm-33287","status":"publish","type":"product","link":"https:\/\/old.sjobergs.se\/de\/product\/holzschraube-45-mm-33287\/","title":{"rendered":"Holzschraube, 45 mm"},"content":{"rendered":"<p>F\u00fcr die Hinterzange.<br \/>\nPassende f\u00fcr Sj\u00f6bergs Original 100 und Sj\u00f6bergs Original 1900.<\/p>\n","protected":false},"excerpt":{"rendered":"<p>F\u00fcr die Hinterzange. Passende f\u00fcr Sj\u00f6bergs Original 100 und Sj\u00f6bergs Original 1900.<\/p>\n","protected":false},"featured_media":1371,"template":"","meta":{"_acf_changed":false},"product_brand":[],"product_cat":[420,291],"product_tag":[],"class_list":{"0":"post-4450","1":"product","2":"type-product","3":"status-publish","4":"has-post-thumbnail","6":"product_cat-ersatzteile-holwerken-schule-und-ausbildung","7":"product_cat-sonstiges-zubehoer-zubehoer","8":"product_shipping_class-10-pa-order-de","10":"first","11":"instock","12":"taxable","13":"shipping-taxable","14":"purchasable","15":"product-type-simple"},"acf":[],"_links":{"self":[{"href":"https:\/\/old.sjobergs.se\/de\/wp-json\/wp\/v2\/product\/4450","targetHints":{"allow":["GET"]}}],"collection":[{"href":"https:\/\/old.sjobergs.se\/de\/wp-json\/wp\/v2\/product"}],"about":[{"href":"https:\/\/old.sjobergs.se\/de\/wp-json\/wp\/v2\/types\/product"}],"wp:featuredmedia":[{"embeddable":true,"href":"https:\/\/old.sjobergs.se\/de\/wp-json\/wp\/v2\/media\/1371"}],"wp:attachment":[{"href":"https:\/\/old.sjobergs.se\/de\/wp-json\/wp\/v2\/media?parent=4450"}],"wp:term":[{"taxonomy":"product_brand","embeddable":true,"href":"https:\/\/old.sjobergs.se\/de\/wp-json\/wp\/v2\/product_brand?post=4450"},{"taxonomy":"product_cat","embeddable":true,"href":"https:\/\/old.sjobergs.se\/de\/wp-json\/wp\/v2\/product_cat?post=4450"},{"taxonomy":"product_tag","embeddable":true,"href":"https:\/\/old.sjobergs.se\/de\/wp-json\/wp\/v2\/product_tag?post=4450"}],"curies":[{"name":"wp","href":"https:\/\/api.w.org\/{rel}","templated":true}]}}