{"id":4345,"date":"2020-06-17T14:41:20","date_gmt":"2020-06-17T14:41:20","guid":{"rendered":"http:\/\/previewsjobergs.se.loopiadns.com\/product\/vridpinne\/"},"modified":"2024-11-11T08:03:38","modified_gmt":"2024-11-11T08:03:38","slug":"handgriff-33296","status":"publish","type":"product","link":"https:\/\/old.sjobergs.se\/de\/product\/handgriff-33296\/","title":{"rendered":"Handgriff"},"content":{"rendered":"<p>Passend zu Holzschraube 33287 und alle Sj\u00f6bergs Hobelb\u00e4nken mit Ausnahme der ELITE Hobelb\u00e4nken.<\/p>\n","protected":false},"excerpt":{"rendered":"<p>Passend zu Holzschraube 33287 und alle Sj\u00f6bergs Hobelb\u00e4nken mit Ausnahme der ELITE Hobelb\u00e4nken.<\/p>\n","protected":false},"featured_media":1386,"template":"","meta":{"_acf_changed":false},"product_brand":[],"product_cat":[420,291],"product_tag":[],"class_list":{"0":"post-4345","1":"product","2":"type-product","3":"status-publish","4":"has-post-thumbnail","6":"product_cat-ersatzteile-holwerken-schule-und-ausbildung","7":"product_cat-sonstiges-zubehoer-zubehoer","8":"product_shipping_class-10-pa-order-de","10":"first","11":"instock","12":"taxable","13":"shipping-taxable","14":"purchasable","15":"product-type-simple"},"acf":[],"_links":{"self":[{"href":"https:\/\/old.sjobergs.se\/de\/wp-json\/wp\/v2\/product\/4345","targetHints":{"allow":["GET"]}}],"collection":[{"href":"https:\/\/old.sjobergs.se\/de\/wp-json\/wp\/v2\/product"}],"about":[{"href":"https:\/\/old.sjobergs.se\/de\/wp-json\/wp\/v2\/types\/product"}],"wp:featuredmedia":[{"embeddable":true,"href":"https:\/\/old.sjobergs.se\/de\/wp-json\/wp\/v2\/media\/1386"}],"wp:attachment":[{"href":"https:\/\/old.sjobergs.se\/de\/wp-json\/wp\/v2\/media?parent=4345"}],"wp:term":[{"taxonomy":"product_brand","embeddable":true,"href":"https:\/\/old.sjobergs.se\/de\/wp-json\/wp\/v2\/product_brand?post=4345"},{"taxonomy":"product_cat","embeddable":true,"href":"https:\/\/old.sjobergs.se\/de\/wp-json\/wp\/v2\/product_cat?post=4345"},{"taxonomy":"product_tag","embeddable":true,"href":"https:\/\/old.sjobergs.se\/de\/wp-json\/wp\/v2\/product_tag?post=4345"}],"curies":[{"name":"wp","href":"https:\/\/api.w.org\/{rel}","templated":true}]}}