{"id":4298,"date":"2020-05-19T14:11:02","date_gmt":"2020-05-19T14:11:02","guid":{"rendered":"http:\/\/previewsjobergs.se.loopiadns.com\/product\/hylsa-till-spannare\/"},"modified":"2024-11-11T09:13:02","modified_gmt":"2024-11-11T09:13:02","slug":"huelse-fuer-spannswinge-33636","status":"publish","type":"product","link":"https:\/\/old.sjobergs.se\/de\/product\/huelse-fuer-spannswinge-33636\/","title":{"rendered":"H\u00fclse f\u00fcr Spannswinge"},"content":{"rendered":"<p class=\"p1\"><span class=\"s1\">Extra-H\u00fclse f\u00fcr Spannzwinge 33636. <\/span><span class=\"s1\">Passend zur Platte Sj\u00f6bergs Original 1100 <\/span><span class=\"s1\">und Kvadrat.<\/span><\/p>\n<p class=\"p1\"><span class=\"s1\">Spannzwinge einschlie\u00dfl. H\u00fclse.<\/span><\/p>\n<p>&nbsp;<\/p>\n","protected":false},"excerpt":{"rendered":"<p>Extra-H\u00fclse f\u00fcr Spannzwinge 33636. Passend zur Platte Sj\u00f6bergs Original 1100 und Kvadrat. Spannzwinge einschlie\u00dfl. H\u00fclse. &nbsp;<\/p>\n","protected":false},"featured_media":2691,"template":"","meta":{"_acf_changed":false},"product_brand":[],"product_cat":[245,249,275],"product_tag":[],"class_list":{"0":"post-4298","1":"product","2":"type-product","3":"status-publish","4":"has-post-thumbnail","6":"product_cat-holzwerken","7":"product_cat-schule-und-ausbildung","8":"product_cat-zubehoer-holzwerken-schule-und-ausbildung","10":"first","11":"instock","12":"taxable","13":"shipping-taxable","14":"purchasable","15":"product-type-simple"},"acf":[],"_links":{"self":[{"href":"https:\/\/old.sjobergs.se\/de\/wp-json\/wp\/v2\/product\/4298","targetHints":{"allow":["GET"]}}],"collection":[{"href":"https:\/\/old.sjobergs.se\/de\/wp-json\/wp\/v2\/product"}],"about":[{"href":"https:\/\/old.sjobergs.se\/de\/wp-json\/wp\/v2\/types\/product"}],"wp:featuredmedia":[{"embeddable":true,"href":"https:\/\/old.sjobergs.se\/de\/wp-json\/wp\/v2\/media\/2691"}],"wp:attachment":[{"href":"https:\/\/old.sjobergs.se\/de\/wp-json\/wp\/v2\/media?parent=4298"}],"wp:term":[{"taxonomy":"product_brand","embeddable":true,"href":"https:\/\/old.sjobergs.se\/de\/wp-json\/wp\/v2\/product_brand?post=4298"},{"taxonomy":"product_cat","embeddable":true,"href":"https:\/\/old.sjobergs.se\/de\/wp-json\/wp\/v2\/product_cat?post=4298"},{"taxonomy":"product_tag","embeddable":true,"href":"https:\/\/old.sjobergs.se\/de\/wp-json\/wp\/v2\/product_tag?post=4298"}],"curies":[{"name":"wp","href":"https:\/\/api.w.org\/{rel}","templated":true}]}}