{"id":4282,"date":"2020-05-19T09:26:08","date_gmt":"2020-05-19T09:26:08","guid":{"rendered":"http:\/\/previewsjobergs.se.loopiadns.com\/product\/pappersrullehallare-klippbord\/"},"modified":"2024-11-11T09:24:23","modified_gmt":"2024-11-11T09:24:23","slug":"papierrollenhalter-fuer-sjoebergs-zuschneidetisch","status":"publish","type":"product","link":"https:\/\/old.sjobergs.se\/de\/product\/papierrollenhalter-fuer-sjoebergs-zuschneidetisch\/","title":{"rendered":"Papierrollenhalter f\u00fcr Sj\u00f6bergs Zuschneidetisch"},"content":{"rendered":"<p>Halter f\u00fcr Schnitt-Papier f\u00fcr Sj\u00f6bergs Zuschneidetisch.<\/p>\n","protected":false},"excerpt":{"rendered":"<p>Halter f\u00fcr Schnitt-Papier f\u00fcr Sj\u00f6bergs Zuschneidetisch.<\/p>\n","protected":false},"featured_media":2734,"template":"","meta":{"_acf_changed":false},"product_brand":[],"product_cat":[250,255,249],"product_tag":[],"class_list":{"0":"post-4282","1":"product","2":"type-product","3":"status-publish","4":"has-post-thumbnail","6":"product_cat-textiles-werken","7":"product_cat-zubehor-und-ersatzteile-textiles-arbeiten","8":"product_cat-schule-und-ausbildung","10":"first","11":"instock","12":"taxable","13":"shipping-taxable","14":"purchasable","15":"product-type-simple"},"acf":[],"_links":{"self":[{"href":"https:\/\/old.sjobergs.se\/de\/wp-json\/wp\/v2\/product\/4282","targetHints":{"allow":["GET"]}}],"collection":[{"href":"https:\/\/old.sjobergs.se\/de\/wp-json\/wp\/v2\/product"}],"about":[{"href":"https:\/\/old.sjobergs.se\/de\/wp-json\/wp\/v2\/types\/product"}],"wp:featuredmedia":[{"embeddable":true,"href":"https:\/\/old.sjobergs.se\/de\/wp-json\/wp\/v2\/media\/2734"}],"wp:attachment":[{"href":"https:\/\/old.sjobergs.se\/de\/wp-json\/wp\/v2\/media?parent=4282"}],"wp:term":[{"taxonomy":"product_brand","embeddable":true,"href":"https:\/\/old.sjobergs.se\/de\/wp-json\/wp\/v2\/product_brand?post=4282"},{"taxonomy":"product_cat","embeddable":true,"href":"https:\/\/old.sjobergs.se\/de\/wp-json\/wp\/v2\/product_cat?post=4282"},{"taxonomy":"product_tag","embeddable":true,"href":"https:\/\/old.sjobergs.se\/de\/wp-json\/wp\/v2\/product_tag?post=4282"}],"curies":[{"name":"wp","href":"https:\/\/api.w.org\/{rel}","templated":true}]}}