{"id":4183,"date":"2020-06-16T09:50:43","date_gmt":"2020-06-16T09:50:43","guid":{"rendered":"http:\/\/previewsjobergs.se.loopiadns.com\/product\/sjobergs-skol-4-komplett\/"},"modified":"2024-11-11T12:41:40","modified_gmt":"2024-11-11T12:41:40","slug":"sjoebergs-schule-4-mit-hoehenverstellbar-stahlgestell-35014","status":"publish","type":"product","link":"https:\/\/old.sjobergs.se\/de\/product\/sjoebergs-schule-4-mit-hoehenverstellbar-stahlgestell-35014\/","title":{"rendered":"Sj\u00f6bergs Schule-4, h\u00f6henverstellbar Stahlgestell"},"content":{"rendered":"<p class=\"p1\">SJ\u00d6BERGS SCHULE-4. Buche, lackiert. Das Ma\u00df der 4-Werkstation ist ca 1400x1400x38 mm. Die Platte hat doppelte Bankhakenreihen mit runden L\u00f6chern fu\u0308r die Bankhaken.<br \/>\nStahlgestell aus verzinktem Stahl. H\u00f6henverstellbar fu\u0308r 4-Werkstation, zwischen ca 700 u 900 mm. Bankhaken sind stets Teil des Lieferumfanges.<\/p>\n<ul>\n<li><strong>SJ\u00d6BERGS SCHULE-4 35014 BESTEHT AUS:<\/strong><\/li>\n<li>1 x 33268 PLATTE mitWERZEUGKAST<\/li>\n<li>1 x 33198 STAHL-GESTELL<\/li>\n<li>4 x 33200 FREISCHWINGENDER HOCKER<\/li>\n<li>1 x 33142 GASFEDERUNG<\/li>\n<li>4 x 33381 SCHUTZBACKEN, paar<\/li>\n<li>4 x 33636 SPANNZWINGE<\/li>\n<\/ul>\n","protected":false},"excerpt":{"rendered":"<p>SJ\u00d6BERGS SCHULE-4. Buche, lackiert. Das Ma\u00df der 4-Werkstation ist ca 1400x1400x38 mm. Die Platte hat doppelte Bankhakenreihen mit runden L\u00f6chern fu\u0308r die Bankhaken. Stahlgestell aus verzinktem Stahl. H\u00f6henverstellbar fu\u0308r 4-Werkstation, zwischen ca 700 u 900 mm. Bankhaken sind stets Teil des Lieferumfanges. SJ\u00d6BERGS SCHULE-4 35014 BESTEHT AUS: 1 x 33268 PLATTE mitWERZEUGKAST 1 x 33198 [&hellip;]<\/p>\n","protected":false},"featured_media":4632,"template":"","meta":{"_acf_changed":false},"product_brand":[],"product_cat":[224,271],"product_tag":[139,164,165],"class_list":{"0":"post-4183","1":"product","2":"type-product","3":"status-publish","4":"has-post-thumbnail","6":"product_cat-kombination-de","7":"product_cat-sjobergs-schule-4-de","8":"product_tag-stalstativ","9":"product_tag-skol-4-skiva","10":"product_tag-skol-4","12":"first","13":"instock","14":"taxable","15":"shipping-taxable","16":"purchasable","17":"product-type-simple"},"acf":[],"_links":{"self":[{"href":"https:\/\/old.sjobergs.se\/de\/wp-json\/wp\/v2\/product\/4183","targetHints":{"allow":["GET"]}}],"collection":[{"href":"https:\/\/old.sjobergs.se\/de\/wp-json\/wp\/v2\/product"}],"about":[{"href":"https:\/\/old.sjobergs.se\/de\/wp-json\/wp\/v2\/types\/product"}],"wp:featuredmedia":[{"embeddable":true,"href":"https:\/\/old.sjobergs.se\/de\/wp-json\/wp\/v2\/media\/4632"}],"wp:attachment":[{"href":"https:\/\/old.sjobergs.se\/de\/wp-json\/wp\/v2\/media?parent=4183"}],"wp:term":[{"taxonomy":"product_brand","embeddable":true,"href":"https:\/\/old.sjobergs.se\/de\/wp-json\/wp\/v2\/product_brand?post=4183"},{"taxonomy":"product_cat","embeddable":true,"href":"https:\/\/old.sjobergs.se\/de\/wp-json\/wp\/v2\/product_cat?post=4183"},{"taxonomy":"product_tag","embeddable":true,"href":"https:\/\/old.sjobergs.se\/de\/wp-json\/wp\/v2\/product_tag?post=4183"}],"curies":[{"name":"wp","href":"https:\/\/api.w.org\/{rel}","templated":true}]}}