{"id":4166,"date":"2020-04-20T09:54:05","date_gmt":"2020-04-20T09:54:05","guid":{"rendered":"http:\/\/previewsjobergs.se.loopiadns.com\/product\/dammhylla\/"},"modified":"2024-11-11T12:55:54","modified_gmt":"2024-11-11T12:55:54","slug":"staubschutz-ablage-schrank-1-2-3-4-33203","status":"publish","type":"product","link":"https:\/\/old.sjobergs.se\/de\/product\/staubschutz-ablage-schrank-1-2-3-4-33203\/","title":{"rendered":"Staubschutz-Ablage, Schrank 1, 2 und 3."},"content":{"rendered":"<p>Kippbares oberes Regal. Zur Erleichterung der Reinigung.<br \/>\nPassend f\u00fcr alle unsere Schrankkombinationen. Sj\u00f6bergs Schr\u00e4nke 1, 2 und 3.<\/p>\n","protected":false},"excerpt":{"rendered":"<p>Kippbares oberes Regal. Zur Erleichterung der Reinigung. Passend f\u00fcr alle unsere Schrankkombinationen. Sj\u00f6bergs Schr\u00e4nke 1, 2 und 3.<\/p>\n","protected":false},"featured_media":2685,"template":"","meta":{"_acf_changed":false},"product_brand":[],"product_cat":[194,196,249],"product_tag":[198],"class_list":{"0":"post-4166","1":"product","2":"type-product","3":"status-publish","4":"has-post-thumbnail","6":"product_cat-sjobergs-aufbewahrungsschranke","7":"product_cat-schrank1_einfach_selber_bauen","8":"product_cat-schule-und-ausbildung","9":"product_tag-skap-1-de","11":"first","12":"instock","13":"taxable","14":"shipping-taxable","15":"purchasable","16":"product-type-simple"},"acf":[],"_links":{"self":[{"href":"https:\/\/old.sjobergs.se\/de\/wp-json\/wp\/v2\/product\/4166","targetHints":{"allow":["GET"]}}],"collection":[{"href":"https:\/\/old.sjobergs.se\/de\/wp-json\/wp\/v2\/product"}],"about":[{"href":"https:\/\/old.sjobergs.se\/de\/wp-json\/wp\/v2\/types\/product"}],"wp:featuredmedia":[{"embeddable":true,"href":"https:\/\/old.sjobergs.se\/de\/wp-json\/wp\/v2\/media\/2685"}],"wp:attachment":[{"href":"https:\/\/old.sjobergs.se\/de\/wp-json\/wp\/v2\/media?parent=4166"}],"wp:term":[{"taxonomy":"product_brand","embeddable":true,"href":"https:\/\/old.sjobergs.se\/de\/wp-json\/wp\/v2\/product_brand?post=4166"},{"taxonomy":"product_cat","embeddable":true,"href":"https:\/\/old.sjobergs.se\/de\/wp-json\/wp\/v2\/product_cat?post=4166"},{"taxonomy":"product_tag","embeddable":true,"href":"https:\/\/old.sjobergs.se\/de\/wp-json\/wp\/v2\/product_tag?post=4166"}],"curies":[{"name":"wp","href":"https:\/\/api.w.org\/{rel}","templated":true}]}}