{"id":4162,"date":"2020-05-27T12:58:32","date_gmt":"2020-05-27T12:58:32","guid":{"rendered":"http:\/\/previewsjobergs.se.loopiadns.com\/product\/ladindelning\/"},"modified":"2024-11-11T09:18:29","modified_gmt":"2024-11-11T09:18:29","slug":"leisten-fuer-schublade-schrank-1-33103","status":"publish","type":"product","link":"https:\/\/old.sjobergs.se\/de\/product\/leisten-fuer-schublade-schrank-1-33103\/","title":{"rendered":"Leisten f\u00fcr Schublade, Schrank 1"},"content":{"rendered":"<p>Leisten f\u00fcr Schublade 33971 Sj\u00f6bergs Schrank 1.<\/p>\n","protected":false},"excerpt":{"rendered":"<p>Leisten f\u00fcr Schublade 33971 Sj\u00f6bergs Schrank 1.<\/p>\n","protected":false},"featured_media":2995,"template":"","meta":{"_acf_changed":false},"product_brand":[],"product_cat":[194,196,249],"product_tag":[198],"class_list":{"0":"post-4162","1":"product","2":"type-product","3":"status-publish","4":"has-post-thumbnail","6":"product_cat-sjobergs-aufbewahrungsschranke","7":"product_cat-schrank1_einfach_selber_bauen","8":"product_cat-schule-und-ausbildung","9":"product_tag-skap-1-de","11":"first","12":"instock","13":"taxable","14":"shipping-taxable","15":"purchasable","16":"product-type-simple"},"acf":[],"_links":{"self":[{"href":"https:\/\/old.sjobergs.se\/de\/wp-json\/wp\/v2\/product\/4162","targetHints":{"allow":["GET"]}}],"collection":[{"href":"https:\/\/old.sjobergs.se\/de\/wp-json\/wp\/v2\/product"}],"about":[{"href":"https:\/\/old.sjobergs.se\/de\/wp-json\/wp\/v2\/types\/product"}],"wp:featuredmedia":[{"embeddable":true,"href":"https:\/\/old.sjobergs.se\/de\/wp-json\/wp\/v2\/media\/2995"}],"wp:attachment":[{"href":"https:\/\/old.sjobergs.se\/de\/wp-json\/wp\/v2\/media?parent=4162"}],"wp:term":[{"taxonomy":"product_brand","embeddable":true,"href":"https:\/\/old.sjobergs.se\/de\/wp-json\/wp\/v2\/product_brand?post=4162"},{"taxonomy":"product_cat","embeddable":true,"href":"https:\/\/old.sjobergs.se\/de\/wp-json\/wp\/v2\/product_cat?post=4162"},{"taxonomy":"product_tag","embeddable":true,"href":"https:\/\/old.sjobergs.se\/de\/wp-json\/wp\/v2\/product_tag?post=4162"}],"curies":[{"name":"wp","href":"https:\/\/api.w.org\/{rel}","templated":true}]}}