{"id":4112,"date":"2020-05-27T13:24:30","date_gmt":"2020-05-27T13:24:30","guid":{"rendered":"http:\/\/previewsjobergs.se.loopiadns.com\/product\/hallare-for-sytradsrullar\/"},"modified":"2024-11-11T07:49:30","modified_gmt":"2024-11-11T07:49:30","slug":"fadenhalter-fuer-schrank-1-33104","status":"publish","type":"product","link":"https:\/\/old.sjobergs.se\/de\/product\/fadenhalter-fuer-schrank-1-33104\/","title":{"rendered":"Fadenhalter f\u00fcr Schrank 1"},"content":{"rendered":"<p class=\"p1\"><span class=\"s1\">Halter f\u00fcr N\u00e4hgarnrollen passend f\u00fcr Schublade 333971 von <\/span><span class=\"s1\">Sj\u00f6bergs Schrank 1. Nordische Birke. In die Schublade <\/span><span class=\"s1\">passen zwei Halter.<\/span><\/p>\n","protected":false},"excerpt":{"rendered":"<p>Halter f\u00fcr N\u00e4hgarnrollen passend f\u00fcr Schublade 333971 von Sj\u00f6bergs Schrank 1. Nordische Birke. In die Schublade passen zwei Halter.<\/p>\n","protected":false},"featured_media":3077,"template":"","meta":{"_acf_changed":false},"product_brand":[],"product_cat":[194,196,245,250,249],"product_tag":[198],"class_list":{"0":"post-4112","1":"product","2":"type-product","3":"status-publish","4":"has-post-thumbnail","6":"product_cat-sjobergs-aufbewahrungsschranke","7":"product_cat-schrank1_einfach_selber_bauen","8":"product_cat-holzwerken","9":"product_cat-textiles-werken","10":"product_cat-schule-und-ausbildung","11":"product_tag-skap-1-de","13":"first","14":"instock","15":"taxable","16":"shipping-taxable","17":"purchasable","18":"product-type-simple"},"acf":[],"_links":{"self":[{"href":"https:\/\/old.sjobergs.se\/de\/wp-json\/wp\/v2\/product\/4112","targetHints":{"allow":["GET"]}}],"collection":[{"href":"https:\/\/old.sjobergs.se\/de\/wp-json\/wp\/v2\/product"}],"about":[{"href":"https:\/\/old.sjobergs.se\/de\/wp-json\/wp\/v2\/types\/product"}],"wp:featuredmedia":[{"embeddable":true,"href":"https:\/\/old.sjobergs.se\/de\/wp-json\/wp\/v2\/media\/3077"}],"wp:attachment":[{"href":"https:\/\/old.sjobergs.se\/de\/wp-json\/wp\/v2\/media?parent=4112"}],"wp:term":[{"taxonomy":"product_brand","embeddable":true,"href":"https:\/\/old.sjobergs.se\/de\/wp-json\/wp\/v2\/product_brand?post=4112"},{"taxonomy":"product_cat","embeddable":true,"href":"https:\/\/old.sjobergs.se\/de\/wp-json\/wp\/v2\/product_cat?post=4112"},{"taxonomy":"product_tag","embeddable":true,"href":"https:\/\/old.sjobergs.se\/de\/wp-json\/wp\/v2\/product_tag?post=4112"}],"curies":[{"name":"wp","href":"https:\/\/api.w.org\/{rel}","templated":true}]}}