{"id":4044,"date":"2020-05-27T11:42:08","date_gmt":"2020-05-27T11:42:08","guid":{"rendered":"http:\/\/previewsjobergs.se.loopiadns.com\/product\/bottenmatta-for-hyllplan\/"},"modified":"2024-11-11T09:20:54","modified_gmt":"2024-11-11T09:20:54","slug":"matte-fuer-ablage-schrank-1-33993","status":"publish","type":"product","link":"https:\/\/old.sjobergs.se\/de\/product\/matte-fuer-ablage-schrank-1-33993\/","title":{"rendered":"Matte f\u00fcr Ablage, Schrank 1"},"content":{"rendered":"<p>F\u00fcr Werkzeug, gesch\u00e4umt. Der Ausschnitt von Profilen f\u00fcr Ihr eigenes Werkzeug ist ganz einfach. Passend f\u00fcr Ablage 33960, 33961 und 33962.<\/p>\n","protected":false},"excerpt":{"rendered":"<p>F\u00fcr Werkzeug, gesch\u00e4umt. Der Ausschnitt von Profilen f\u00fcr Ihr eigenes Werkzeug ist ganz einfach. Passend f\u00fcr Ablage 33960, 33961 und 33962.<\/p>\n","protected":false},"featured_media":2987,"template":"","meta":{"_acf_changed":false},"product_brand":[],"product_cat":[194,196,249],"product_tag":[198],"class_list":{"0":"post-4044","1":"product","2":"type-product","3":"status-publish","4":"has-post-thumbnail","6":"product_cat-sjobergs-aufbewahrungsschranke","7":"product_cat-schrank1_einfach_selber_bauen","8":"product_cat-schule-und-ausbildung","9":"product_tag-skap-1-de","11":"first","12":"instock","13":"taxable","14":"shipping-taxable","15":"purchasable","16":"product-type-simple"},"acf":[],"_links":{"self":[{"href":"https:\/\/old.sjobergs.se\/de\/wp-json\/wp\/v2\/product\/4044","targetHints":{"allow":["GET"]}}],"collection":[{"href":"https:\/\/old.sjobergs.se\/de\/wp-json\/wp\/v2\/product"}],"about":[{"href":"https:\/\/old.sjobergs.se\/de\/wp-json\/wp\/v2\/types\/product"}],"wp:featuredmedia":[{"embeddable":true,"href":"https:\/\/old.sjobergs.se\/de\/wp-json\/wp\/v2\/media\/2987"}],"wp:attachment":[{"href":"https:\/\/old.sjobergs.se\/de\/wp-json\/wp\/v2\/media?parent=4044"}],"wp:term":[{"taxonomy":"product_brand","embeddable":true,"href":"https:\/\/old.sjobergs.se\/de\/wp-json\/wp\/v2\/product_brand?post=4044"},{"taxonomy":"product_cat","embeddable":true,"href":"https:\/\/old.sjobergs.se\/de\/wp-json\/wp\/v2\/product_cat?post=4044"},{"taxonomy":"product_tag","embeddable":true,"href":"https:\/\/old.sjobergs.se\/de\/wp-json\/wp\/v2\/product_tag?post=4044"}],"curies":[{"name":"wp","href":"https:\/\/api.w.org\/{rel}","templated":true}]}}