{"id":3934,"date":"2020-05-19T11:40:14","date_gmt":"2020-05-19T11:40:14","guid":{"rendered":"http:\/\/previewsjobergs.se.loopiadns.com\/product\/svangpall-till-stalstativ\/"},"modified":"2025-05-05T13:53:36","modified_gmt":"2025-05-05T12:53:36","slug":"frei-schwingender-hocker-33200","status":"publish","type":"product","link":"https:\/\/old.sjobergs.se\/de\/product\/frei-schwingender-hocker-33200\/","title":{"rendered":"Frei schwingende Hocker"},"content":{"rendered":"<p>Frei schwingende Hocker f\u00fcr Sj\u00f6bergs Original 1100, 4-Stationen, 2-Stationen und Kvadrat mit Stahlgestell.<br \/>\nH\u00f6he und verstellbar mit korkbedecktem Sitz.<\/p>\n","protected":false},"excerpt":{"rendered":"<p>Frei schwingende Hocker f\u00fcr Sj\u00f6bergs Original 1100, 4-Stationen, 2-Stationen und Kvadrat mit Stahlgestell. H\u00f6he und verstellbar mit korkbedecktem Sitz.<\/p>\n","protected":false},"featured_media":1362,"template":"","meta":{"_acf_changed":false},"product_brand":[],"product_cat":[245,249,267,269,273,275],"product_tag":[],"class_list":{"0":"post-3934","1":"product","2":"type-product","3":"status-publish","4":"has-post-thumbnail","6":"product_cat-holzwerken","7":"product_cat-schule-und-ausbildung","8":"product_cat-sjobergs-kvadrat-de","9":"product_cat-sjobergs-original-1100-de","10":"product_cat-gestell-schule-und-ausbildung","11":"product_cat-zubehoer-holzwerken-schule-und-ausbildung","13":"first","14":"instock","15":"taxable","16":"shipping-taxable","17":"purchasable","18":"product-type-simple"},"acf":[],"_links":{"self":[{"href":"https:\/\/old.sjobergs.se\/de\/wp-json\/wp\/v2\/product\/3934","targetHints":{"allow":["GET"]}}],"collection":[{"href":"https:\/\/old.sjobergs.se\/de\/wp-json\/wp\/v2\/product"}],"about":[{"href":"https:\/\/old.sjobergs.se\/de\/wp-json\/wp\/v2\/types\/product"}],"wp:featuredmedia":[{"embeddable":true,"href":"https:\/\/old.sjobergs.se\/de\/wp-json\/wp\/v2\/media\/1362"}],"wp:attachment":[{"href":"https:\/\/old.sjobergs.se\/de\/wp-json\/wp\/v2\/media?parent=3934"}],"wp:term":[{"taxonomy":"product_brand","embeddable":true,"href":"https:\/\/old.sjobergs.se\/de\/wp-json\/wp\/v2\/product_brand?post=3934"},{"taxonomy":"product_cat","embeddable":true,"href":"https:\/\/old.sjobergs.se\/de\/wp-json\/wp\/v2\/product_cat?post=3934"},{"taxonomy":"product_tag","embeddable":true,"href":"https:\/\/old.sjobergs.se\/de\/wp-json\/wp\/v2\/product_tag?post=3934"}],"curies":[{"name":"wp","href":"https:\/\/api.w.org\/{rel}","templated":true}]}}