{"id":3926,"date":"2020-05-19T11:44:50","date_gmt":"2020-05-19T11:44:50","guid":{"rendered":"http:\/\/previewsjobergs.se.loopiadns.com\/product\/hydrauliksats\/"},"modified":"2024-11-11T09:13:51","modified_gmt":"2024-11-11T09:13:51","slug":"hydraulik-satz-33795","status":"publish","type":"product","link":"https:\/\/old.sjobergs.se\/de\/product\/hydraulik-satz-33795\/","title":{"rendered":"Hydraulik-satz"},"content":{"rendered":"<p>F\u00fcr einfache H\u00f6henverstellung. Passt zu Stahlgestell 33198 sowie Sj\u00f6bergs Original 1100 4-station und Kvadrat.<\/p>\n","protected":false},"excerpt":{"rendered":"<p>F\u00fcr einfache H\u00f6henverstellung. Passt zu Stahlgestell 33198 sowie Sj\u00f6bergs Original 1100 4-station und Kvadrat.<\/p>\n","protected":false},"featured_media":1461,"template":"","meta":{"_acf_changed":false},"product_brand":[],"product_cat":[245,249,273,275],"product_tag":[],"class_list":{"0":"post-3926","1":"product","2":"type-product","3":"status-publish","4":"has-post-thumbnail","6":"product_cat-holzwerken","7":"product_cat-schule-und-ausbildung","8":"product_cat-gestell-schule-und-ausbildung","9":"product_cat-zubehoer-holzwerken-schule-und-ausbildung","11":"first","12":"instock","13":"taxable","14":"shipping-taxable","15":"purchasable","16":"product-type-simple"},"acf":[],"_links":{"self":[{"href":"https:\/\/old.sjobergs.se\/de\/wp-json\/wp\/v2\/product\/3926","targetHints":{"allow":["GET"]}}],"collection":[{"href":"https:\/\/old.sjobergs.se\/de\/wp-json\/wp\/v2\/product"}],"about":[{"href":"https:\/\/old.sjobergs.se\/de\/wp-json\/wp\/v2\/types\/product"}],"wp:featuredmedia":[{"embeddable":true,"href":"https:\/\/old.sjobergs.se\/de\/wp-json\/wp\/v2\/media\/1461"}],"wp:attachment":[{"href":"https:\/\/old.sjobergs.se\/de\/wp-json\/wp\/v2\/media?parent=3926"}],"wp:term":[{"taxonomy":"product_brand","embeddable":true,"href":"https:\/\/old.sjobergs.se\/de\/wp-json\/wp\/v2\/product_brand?post=3926"},{"taxonomy":"product_cat","embeddable":true,"href":"https:\/\/old.sjobergs.se\/de\/wp-json\/wp\/v2\/product_cat?post=3926"},{"taxonomy":"product_tag","embeddable":true,"href":"https:\/\/old.sjobergs.se\/de\/wp-json\/wp\/v2\/product_tag?post=3926"}],"curies":[{"name":"wp","href":"https:\/\/api.w.org\/{rel}","templated":true}]}}