{"id":3895,"date":"2020-05-19T11:31:04","date_gmt":"2020-05-19T11:31:04","guid":{"rendered":"http:\/\/previewsjobergs.se.loopiadns.com\/product\/hoj-och-sankbart-elstativ\/"},"modified":"2024-11-11T09:29:48","modified_gmt":"2024-11-11T09:29:48","slug":"saeule-fuer-werkstation-hoehenverstellbar-33275","status":"publish","type":"product","link":"https:\/\/old.sjobergs.se\/de\/product\/saeule-fuer-werkstation-hoehenverstellbar-33275\/","title":{"rendered":"S\u00e4ule f\u00fcr Werkstation, H\u00f6henverstellbar"},"content":{"rendered":"<p>H\u00d6HENVERSTELLBARES GESTELL.<br \/>\nAlu. Elektrisch. Arbeitsh\u00f6he 700\u20131100 mm.<\/p>\n<p>Das Stativ kann direkt im Boden befestigt werden oder (je nach Beschaffenheit des Bodens) mit Bodenplatte 33342.<\/p>\n<p>Passt zu 33826, SJ\u00d6BERGS PLATTE DUPLEX.<\/p>\n","protected":false},"excerpt":{"rendered":"<p>H\u00d6HENVERSTELLBARES GESTELL. Alu. Elektrisch. Arbeitsh\u00f6he 700\u20131100 mm. Das Stativ kann direkt im Boden befestigt werden oder (je nach Beschaffenheit des Bodens) mit Bodenplatte 33342. Passt zu 33826, SJ\u00d6BERGS PLATTE DUPLEX.<\/p>\n","protected":false},"featured_media":8670,"template":"","meta":{"_acf_changed":false},"product_brand":[],"product_cat":[401,245,249,273],"product_tag":[],"class_list":{"0":"post-3895","1":"product","2":"type-product","3":"status-publish","4":"has-post-thumbnail","6":"product_cat-sjobergs-duplex-de","7":"product_cat-holzwerken","8":"product_cat-schule-und-ausbildung","9":"product_cat-gestell-schule-und-ausbildung","11":"first","12":"instock","13":"taxable","14":"shipping-taxable","15":"purchasable","16":"product-type-simple"},"acf":[],"_links":{"self":[{"href":"https:\/\/old.sjobergs.se\/de\/wp-json\/wp\/v2\/product\/3895","targetHints":{"allow":["GET"]}}],"collection":[{"href":"https:\/\/old.sjobergs.se\/de\/wp-json\/wp\/v2\/product"}],"about":[{"href":"https:\/\/old.sjobergs.se\/de\/wp-json\/wp\/v2\/types\/product"}],"wp:featuredmedia":[{"embeddable":true,"href":"https:\/\/old.sjobergs.se\/de\/wp-json\/wp\/v2\/media\/8670"}],"wp:attachment":[{"href":"https:\/\/old.sjobergs.se\/de\/wp-json\/wp\/v2\/media?parent=3895"}],"wp:term":[{"taxonomy":"product_brand","embeddable":true,"href":"https:\/\/old.sjobergs.se\/de\/wp-json\/wp\/v2\/product_brand?post=3895"},{"taxonomy":"product_cat","embeddable":true,"href":"https:\/\/old.sjobergs.se\/de\/wp-json\/wp\/v2\/product_cat?post=3895"},{"taxonomy":"product_tag","embeddable":true,"href":"https:\/\/old.sjobergs.se\/de\/wp-json\/wp\/v2\/product_tag?post=3895"}],"curies":[{"name":"wp","href":"https:\/\/api.w.org\/{rel}","templated":true}]}}