{"id":3887,"date":"2020-05-19T11:24:51","date_gmt":"2020-05-19T11:24:51","guid":{"rendered":"http:\/\/previewsjobergs.se.loopiadns.com\/product\/stalstativ-4-station\/"},"modified":"2025-04-09T10:13:21","modified_gmt":"2025-04-09T09:13:21","slug":"stahlgestell-4-station","status":"publish","type":"product","link":"https:\/\/old.sjobergs.se\/de\/product\/stahlgestell-4-station\/","title":{"rendered":"Stahlgestell, 4-station"},"content":{"rendered":"<p>Mit Arbeitsplatte 33110 Sj\u00f6bergs Original 1100 oder 33797 Kvaderat kombinierbar. Die Gasfederung bieten wir als Zubeh\u00f6r mit 33142 an.<br \/>\nF\u00fcr nicht nur einfache sondern auch besonders leicht zu bedienende H\u00f6henverstellung ist der Hydrauliksatz 33795 mit 33198 sehr zu empfehlen. Bei Installation des Hydrauliksatzes sollte der Werkzeugkasten 33201 montiert werden. Damit erhalten die Hydraulikschl\u00e4uche zus\u00e4tzlichen Schutz.<br \/>\nZum Schutz der Hydraulikschl\u00e4uche wird der Werkzeugkasten 33183 empfohlen.<\/p>\n<p>Soll der freischwindende Hocker zum Einsatz kommen, empfehlen wir die Fixierung des Gestells am Boden.<\/p>\n","protected":false},"excerpt":{"rendered":"<p>Mit Arbeitsplatte 33110 Sj\u00f6bergs Original 1100 oder 33797 Kvaderat kombinierbar. Die Gasfederung bieten wir als Zubeh\u00f6r mit 33142 an. F\u00fcr nicht nur einfache sondern auch besonders leicht zu bedienende H\u00f6henverstellung ist der Hydrauliksatz 33795 mit 33198 sehr zu empfehlen. Bei Installation des Hydrauliksatzes sollte der Werkzeugkasten 33201 montiert werden. Damit erhalten die Hydraulikschl\u00e4uche zus\u00e4tzlichen Schutz. [&hellip;]<\/p>\n","protected":false},"featured_media":2738,"template":"","meta":{"_acf_changed":false},"product_brand":[],"product_cat":[245,249,271,273],"product_tag":[],"class_list":{"0":"post-3887","1":"product","2":"type-product","3":"status-publish","4":"has-post-thumbnail","6":"product_cat-holzwerken","7":"product_cat-schule-und-ausbildung","8":"product_cat-sjobergs-schule-4-de","9":"product_cat-gestell-schule-und-ausbildung","11":"first","12":"instock","13":"taxable","14":"shipping-taxable","15":"purchasable","16":"product-type-simple"},"acf":[],"_links":{"self":[{"href":"https:\/\/old.sjobergs.se\/de\/wp-json\/wp\/v2\/product\/3887","targetHints":{"allow":["GET"]}}],"collection":[{"href":"https:\/\/old.sjobergs.se\/de\/wp-json\/wp\/v2\/product"}],"about":[{"href":"https:\/\/old.sjobergs.se\/de\/wp-json\/wp\/v2\/types\/product"}],"wp:featuredmedia":[{"embeddable":true,"href":"https:\/\/old.sjobergs.se\/de\/wp-json\/wp\/v2\/media\/2738"}],"wp:attachment":[{"href":"https:\/\/old.sjobergs.se\/de\/wp-json\/wp\/v2\/media?parent=3887"}],"wp:term":[{"taxonomy":"product_brand","embeddable":true,"href":"https:\/\/old.sjobergs.se\/de\/wp-json\/wp\/v2\/product_brand?post=3887"},{"taxonomy":"product_cat","embeddable":true,"href":"https:\/\/old.sjobergs.se\/de\/wp-json\/wp\/v2\/product_cat?post=3887"},{"taxonomy":"product_tag","embeddable":true,"href":"https:\/\/old.sjobergs.se\/de\/wp-json\/wp\/v2\/product_tag?post=3887"}],"curies":[{"name":"wp","href":"https:\/\/api.w.org\/{rel}","templated":true}]}}