{"id":3884,"date":"2020-05-19T14:00:27","date_gmt":"2020-05-19T14:00:27","guid":{"rendered":"http:\/\/previewsjobergs.se.loopiadns.com\/product\/verktygskast-kvadraten\/"},"modified":"2024-11-11T13:54:37","modified_gmt":"2024-11-11T13:54:37","slug":"werkzeugablage-sjoebergs-kvadrat-33183","status":"publish","type":"product","link":"https:\/\/old.sjobergs.se\/de\/product\/werkzeugablage-sjoebergs-kvadrat-33183\/","title":{"rendered":"Werkzeugablage, Sj\u00f6bergs Kvadrat"},"content":{"rendered":"<p>Werkzeugablage f\u00fcr Sj\u00f6bergs Kvadrat. Bei Montage des Hydrauliksatzes sollte diese Werkzeugablage eingebaut werden, um die Hydraulikschl\u00e4uche zu sch\u00fctzen.<br \/>\n<strong>WENDBAR!<\/strong><\/p>\n","protected":false},"excerpt":{"rendered":"<p>Werkzeugablage f\u00fcr Sj\u00f6bergs Kvadrat. Bei Montage des Hydrauliksatzes sollte diese Werkzeugablage eingebaut werden, um die Hydraulikschl\u00e4uche zu sch\u00fctzen. WENDBAR!<\/p>\n","protected":false},"featured_media":1356,"template":"","meta":{"_acf_changed":false},"product_brand":[],"product_cat":[245,249,267,275],"product_tag":[430],"class_list":{"0":"post-3884","1":"product","2":"type-product","3":"status-publish","4":"has-post-thumbnail","6":"product_cat-holzwerken","7":"product_cat-schule-und-ausbildung","8":"product_cat-sjobergs-kvadrat-de","9":"product_cat-zubehoer-holzwerken-schule-und-ausbildung","10":"product_tag-kvadraten-de","12":"first","13":"instock","14":"taxable","15":"shipping-taxable","16":"purchasable","17":"product-type-simple"},"acf":[],"_links":{"self":[{"href":"https:\/\/old.sjobergs.se\/de\/wp-json\/wp\/v2\/product\/3884","targetHints":{"allow":["GET"]}}],"collection":[{"href":"https:\/\/old.sjobergs.se\/de\/wp-json\/wp\/v2\/product"}],"about":[{"href":"https:\/\/old.sjobergs.se\/de\/wp-json\/wp\/v2\/types\/product"}],"wp:featuredmedia":[{"embeddable":true,"href":"https:\/\/old.sjobergs.se\/de\/wp-json\/wp\/v2\/media\/1356"}],"wp:attachment":[{"href":"https:\/\/old.sjobergs.se\/de\/wp-json\/wp\/v2\/media?parent=3884"}],"wp:term":[{"taxonomy":"product_brand","embeddable":true,"href":"https:\/\/old.sjobergs.se\/de\/wp-json\/wp\/v2\/product_brand?post=3884"},{"taxonomy":"product_cat","embeddable":true,"href":"https:\/\/old.sjobergs.se\/de\/wp-json\/wp\/v2\/product_cat?post=3884"},{"taxonomy":"product_tag","embeddable":true,"href":"https:\/\/old.sjobergs.se\/de\/wp-json\/wp\/v2\/product_tag?post=3884"}],"curies":[{"name":"wp","href":"https:\/\/api.w.org\/{rel}","templated":true}]}}