{"id":3859,"date":"2020-05-19T12:00:07","date_gmt":"2020-05-19T12:00:07","guid":{"rendered":"http:\/\/previewsjobergs.se.loopiadns.com\/product\/kvadraten\/"},"modified":"2025-03-06T11:20:55","modified_gmt":"2025-03-06T10:20:55","slug":"sjoebergs-kvadrat-arbeitsplatte-33797","status":"publish","type":"product","link":"https:\/\/old.sjobergs.se\/de\/product\/sjoebergs-kvadrat-arbeitsplatte-33797\/","title":{"rendered":"Sj\u00f6bergs Kvadrat, arbeitsplatte"},"content":{"rendered":"<p class=\"p1\">SJ\u00d6BERGS KVADRAT<br \/>\n<span class=\"s1\">Die Sj\u00f6berg Arbeitsplatte KVADRAT ist nicht einfach nur stabil und kr\u00e4ftig. <\/span><span class=\"s1\">Eingelassene H\u00fclsen erm\u00f6glichen den Einsatz von Spannzwingen und packen <\/span><span class=\"s1\">die Werkst\u00fccke von oben. Ideal nicht nur f\u00fcr Anf\u00e4nger im Werkraum! <\/span><span class=\"s1\">Buche, lackiert.<br \/>\n<\/span><span class=\"s1\">Das Ma\u00df der 4-Werkstation: ca 1300 x 1300 x 60 mm. <\/span><span class=\"s1\">Die Platte bietet doppelte Bankhakenreihen mit runden L\u00f6chern f\u00fcr <\/span><span class=\"s1\">versenkbare Bankhaken. Die Bankhaken sind stets Teil des Lieferumfanges.<br \/>\n<\/span><\/p>\n<p class=\"p1\"><span class=\"s1\">Der Werkzeugkasten 33183 sollte separat bestellt werden. <\/span><span class=\"s1\">Ebenso das zwischen 700 und 900 mm verstellbare Untergestell 33198 aus verzinktem Stahl <\/span><span class=\"s1\">und die Spannzwinge(n) ST 11.<\/span><\/p>\n","protected":false},"excerpt":{"rendered":"<p>SJ\u00d6BERGS KVADRAT Die Sj\u00f6berg Arbeitsplatte KVADRAT ist nicht einfach nur stabil und kr\u00e4ftig. Eingelassene H\u00fclsen erm\u00f6glichen den Einsatz von Spannzwingen und packen die Werkst\u00fccke von oben. Ideal nicht nur f\u00fcr Anf\u00e4nger im Werkraum! Buche, lackiert. Das Ma\u00df der 4-Werkstation: ca 1300 x 1300 x 60 mm. Die Platte bietet doppelte Bankhakenreihen mit runden L\u00f6chern f\u00fcr [&hellip;]<\/p>\n","protected":false},"featured_media":7715,"template":"","meta":{"_acf_changed":false},"product_brand":[],"product_cat":[245,249,267],"product_tag":[427,430],"class_list":{"0":"post-3859","1":"product","2":"type-product","3":"status-publish","4":"has-post-thumbnail","6":"product_cat-holzwerken","7":"product_cat-schule-und-ausbildung","8":"product_cat-sjobergs-kvadrat-de","9":"product_tag-4-grupp-de","10":"product_tag-kvadraten-de","12":"first","13":"instock","14":"taxable","15":"shipping-taxable","16":"purchasable","17":"product-type-simple"},"acf":[],"_links":{"self":[{"href":"https:\/\/old.sjobergs.se\/de\/wp-json\/wp\/v2\/product\/3859","targetHints":{"allow":["GET"]}}],"collection":[{"href":"https:\/\/old.sjobergs.se\/de\/wp-json\/wp\/v2\/product"}],"about":[{"href":"https:\/\/old.sjobergs.se\/de\/wp-json\/wp\/v2\/types\/product"}],"wp:featuredmedia":[{"embeddable":true,"href":"https:\/\/old.sjobergs.se\/de\/wp-json\/wp\/v2\/media\/7715"}],"wp:attachment":[{"href":"https:\/\/old.sjobergs.se\/de\/wp-json\/wp\/v2\/media?parent=3859"}],"wp:term":[{"taxonomy":"product_brand","embeddable":true,"href":"https:\/\/old.sjobergs.se\/de\/wp-json\/wp\/v2\/product_brand?post=3859"},{"taxonomy":"product_cat","embeddable":true,"href":"https:\/\/old.sjobergs.se\/de\/wp-json\/wp\/v2\/product_cat?post=3859"},{"taxonomy":"product_tag","embeddable":true,"href":"https:\/\/old.sjobergs.se\/de\/wp-json\/wp\/v2\/product_tag?post=3859"}],"curies":[{"name":"wp","href":"https:\/\/api.w.org\/{rel}","templated":true}]}}