{"id":3857,"date":"2020-05-19T12:01:52","date_gmt":"2020-05-19T12:01:52","guid":{"rendered":"http:\/\/previewsjobergs.se.loopiadns.com\/product\/sjobergs-kvadraten-med-stalstativ-och-tillbehor-komplett\/"},"modified":"2025-05-05T13:41:24","modified_gmt":"2025-05-05T12:41:24","slug":"sjoebergs-kvadrat-33072","status":"publish","type":"product","link":"https:\/\/old.sjobergs.se\/de\/product\/sjoebergs-kvadrat-33072\/","title":{"rendered":"Sj\u00f6bergs Kvadrat"},"content":{"rendered":"<p class=\"p1\">SJ\u00d6BERGS KVADRAT. <span class=\"s1\">Die Sj\u00f6berg Arbeitsplatte KVADRAT ist nicht einfach nur stabil und kr\u00e4ftig. <\/span><span class=\"s1\">Eingelassene H\u00fclsen erm\u00f6glichen den Einsatz von Spannzwingen und packen <\/span><span class=\"s1\">die Werkst\u00fccke von oben. Ideal nicht nur f\u00fcr Anf\u00e4nger im Werkraum!<\/span><span class=\"s1\">\u00a0<\/span>Buche, lackiert. Das Ma\u00df der 4-Werkstation ist ca 1300x1300x60 mm. Die Platte hat doppelte Bankhakenreihen mit runden L\u00f6chern fu\u0308r die Bankhaken.<br \/>\nUntergestell aus verzinktem Stahl. H\u00f6henverstellbar zwischen ca 700 u 900 mm.<\/p>\n<ul>\n<li class=\"p1\"><strong>SJ\u00d6BERGS KVADRAT BESTEHT AUS:<\/strong><\/li>\n<li class=\"p2\">1 x 33797 PLATTE<\/li>\n<li class=\"p2\">1 x 33198 STAHL-GESTELL<\/li>\n<li class=\"p2\">1 x 33183 WERKZEUGKASTEN<\/li>\n<li class=\"p2\">4 x 33200 FREI SCHWINGENDE HOCKER<\/li>\n<li class=\"p2\">1 x 33142 GASFEDERUNG<\/li>\n<li class=\"p2\">4 x 33383 SCHUTZBACKEN, Paar<\/li>\n<li class=\"p2\">4 x 33636 SPANNZWINGE<\/li>\n<li class=\"p2\">4 x 33290 BANKHAKEN, paar<\/li>\n<\/ul>\n","protected":false},"excerpt":{"rendered":"<p>SJ\u00d6BERGS KVADRAT. Die Sj\u00f6berg Arbeitsplatte KVADRAT ist nicht einfach nur stabil und kr\u00e4ftig. Eingelassene H\u00fclsen erm\u00f6glichen den Einsatz von Spannzwingen und packen die Werkst\u00fccke von oben. Ideal nicht nur f\u00fcr Anf\u00e4nger im Werkraum!\u00a0Buche, lackiert. Das Ma\u00df der 4-Werkstation ist ca 1300x1300x60 mm. Die Platte hat doppelte Bankhakenreihen mit runden L\u00f6chern fu\u0308r die Bankhaken. Untergestell aus [&hellip;]<\/p>\n","protected":false},"featured_media":2528,"template":"","meta":{"_acf_changed":false},"product_brand":[],"product_cat":[224,245,249,267],"product_tag":[427,430],"class_list":{"0":"post-3857","1":"product","2":"type-product","3":"status-publish","4":"has-post-thumbnail","6":"product_cat-kombination-de","7":"product_cat-holzwerken","8":"product_cat-schule-und-ausbildung","9":"product_cat-sjobergs-kvadrat-de","10":"product_tag-4-grupp-de","11":"product_tag-kvadraten-de","13":"first","14":"instock","15":"taxable","16":"shipping-taxable","17":"purchasable","18":"product-type-simple"},"acf":[],"_links":{"self":[{"href":"https:\/\/old.sjobergs.se\/de\/wp-json\/wp\/v2\/product\/3857","targetHints":{"allow":["GET"]}}],"collection":[{"href":"https:\/\/old.sjobergs.se\/de\/wp-json\/wp\/v2\/product"}],"about":[{"href":"https:\/\/old.sjobergs.se\/de\/wp-json\/wp\/v2\/types\/product"}],"wp:featuredmedia":[{"embeddable":true,"href":"https:\/\/old.sjobergs.se\/de\/wp-json\/wp\/v2\/media\/2528"}],"wp:attachment":[{"href":"https:\/\/old.sjobergs.se\/de\/wp-json\/wp\/v2\/media?parent=3857"}],"wp:term":[{"taxonomy":"product_brand","embeddable":true,"href":"https:\/\/old.sjobergs.se\/de\/wp-json\/wp\/v2\/product_brand?post=3857"},{"taxonomy":"product_cat","embeddable":true,"href":"https:\/\/old.sjobergs.se\/de\/wp-json\/wp\/v2\/product_cat?post=3857"},{"taxonomy":"product_tag","embeddable":true,"href":"https:\/\/old.sjobergs.se\/de\/wp-json\/wp\/v2\/product_tag?post=3857"}],"curies":[{"name":"wp","href":"https:\/\/api.w.org\/{rel}","templated":true}]}}