{"id":3847,"date":"2020-05-19T12:16:22","date_gmt":"2020-05-19T12:16:22","guid":{"rendered":"http:\/\/previewsjobergs.se.loopiadns.com\/product\/sjobergs-original-1100-trastativ-850-och-tillbehor\/"},"modified":"2025-04-09T10:17:26","modified_gmt":"2025-04-09T09:17:26","slug":"sjoebergs-original-1100-1-station-hoehe-850-33075","status":"publish","type":"product","link":"https:\/\/old.sjobergs.se\/de\/product\/sjoebergs-original-1100-1-station-hoehe-850-33075\/","title":{"rendered":"Sj\u00f6bergs Original 1100, 1-station, H\u00f6he 850"},"content":{"rendered":"<p class=\"p1\">SJ\u00d6BERGS Original 1100. Die Hobelbank ist aus lackierter Buche, massiv. Das Mass u\u0308ber alles betr\u00e4gt 1070&#215;405 mm. Die kr\u00e4ftige Steuerung der Hinterzange l\u00e4sst sich leicht justieren. Arbeitsh\u00f6he 850 mm.<\/p>\n<p>Auch in H\u00f6he 750 mm erh\u00e4ltlich, Art Nr 33074.<\/p>\n<ul>\n<li><strong>SJ\u00d6BERGS ORIGINAL 1100,<br \/>\n<\/strong><strong> 1-STATION 33075 BESTEHT AUS:<\/strong><\/li>\n<li>1 x 33110 PLATTE<\/li>\n<li>1 x 33160 VORDERZANGE<\/li>\n<li>1 x 33230 HOLZGESTELL<\/li>\n<li>1 x 33383 SCHUTZBACKEN, Paar<\/li>\n<li>1 x 33384 SCHUTZBACKEN, Paar<\/li>\n<li>1 x 33636 SPANNZWINGE<\/li>\n<li>1 x 33291 BANKHAKEN, paar<\/li>\n<\/ul>\n","protected":false},"excerpt":{"rendered":"<p>SJ\u00d6BERGS Original 1100. Die Hobelbank ist aus lackierter Buche, massiv. Das Mass u\u0308ber alles betr\u00e4gt 1070&#215;405 mm. Die kr\u00e4ftige Steuerung der Hinterzange l\u00e4sst sich leicht justieren. Arbeitsh\u00f6he 850 mm. Auch in H\u00f6he 750 mm erh\u00e4ltlich, Art Nr 33074. SJ\u00d6BERGS ORIGINAL 1100, 1-STATION 33075 BESTEHT AUS: 1 x 33110 PLATTE 1 x 33160 VORDERZANGE 1 x [&hellip;]<\/p>\n","protected":false},"featured_media":4602,"template":"","meta":{"_acf_changed":false},"product_brand":[],"product_cat":[224,245,249,269],"product_tag":[],"class_list":{"0":"post-3847","1":"product","2":"type-product","3":"status-publish","4":"has-post-thumbnail","6":"product_cat-kombination-de","7":"product_cat-holzwerken","8":"product_cat-schule-und-ausbildung","9":"product_cat-sjobergs-original-1100-de","11":"first","12":"instock","13":"taxable","14":"shipping-taxable","15":"purchasable","16":"product-type-simple"},"acf":[],"_links":{"self":[{"href":"https:\/\/old.sjobergs.se\/de\/wp-json\/wp\/v2\/product\/3847","targetHints":{"allow":["GET"]}}],"collection":[{"href":"https:\/\/old.sjobergs.se\/de\/wp-json\/wp\/v2\/product"}],"about":[{"href":"https:\/\/old.sjobergs.se\/de\/wp-json\/wp\/v2\/types\/product"}],"wp:featuredmedia":[{"embeddable":true,"href":"https:\/\/old.sjobergs.se\/de\/wp-json\/wp\/v2\/media\/4602"}],"wp:attachment":[{"href":"https:\/\/old.sjobergs.se\/de\/wp-json\/wp\/v2\/media?parent=3847"}],"wp:term":[{"taxonomy":"product_brand","embeddable":true,"href":"https:\/\/old.sjobergs.se\/de\/wp-json\/wp\/v2\/product_brand?post=3847"},{"taxonomy":"product_cat","embeddable":true,"href":"https:\/\/old.sjobergs.se\/de\/wp-json\/wp\/v2\/product_cat?post=3847"},{"taxonomy":"product_tag","embeddable":true,"href":"https:\/\/old.sjobergs.se\/de\/wp-json\/wp\/v2\/product_tag?post=3847"}],"curies":[{"name":"wp","href":"https:\/\/api.w.org\/{rel}","templated":true}]}}