{"id":3845,"date":"2020-05-19T12:21:16","date_gmt":"2020-05-19T12:21:16","guid":{"rendered":"http:\/\/previewsjobergs.se.loopiadns.com\/product\/sjobergs-original-1100-trastativ-750-och-tillbehor\/"},"modified":"2024-11-11T12:24:11","modified_gmt":"2024-11-11T12:24:11","slug":"sjoebergs-original-1100-1-station-hoehe-750-33074","status":"publish","type":"product","link":"https:\/\/old.sjobergs.se\/de\/product\/sjoebergs-original-1100-1-station-hoehe-750-33074\/","title":{"rendered":"Sj\u00f6bergs Original 1100, 1-station, H\u00f6he 750"},"content":{"rendered":"<p class=\"p1\">SJ\u00d6BERGS ORIGINAL 1100. Die Hobelbank ist aus lackierter Buche, massiv. Das Mass u\u0308ber alles betr\u00e4gt 1070&#215;405 mm. Die kr\u00e4ftige Steuerung der Hinterzange l\u00e4sst sich leicht justieren. Arbeitsh\u00f6he 750 mm. Bankhaken sind immer Teil des Lieferumfanges.<\/p>\n<p>Auch in H\u00f6he 850 mm erh\u00e4ltlich, Art Nr 33075.<\/p>\n<ul>\n<li><strong>SJ\u00d6BERGS ORIGINAL 1100,<\/strong><br \/>\n<strong> 1-STATION 33074 BESTEHT AUS:<\/strong><\/li>\n<li>1 x 33110 PLATTE<\/li>\n<li>1 x 33160 VORDERZANGE<\/li>\n<li>1 x 33231 HOLZGESTELL<\/li>\n<li>1 x 33383 SCHUTZBACKEN, Paar<\/li>\n<li>1 x 33384 SCHUTZBACKEN, Paar<\/li>\n<li>1 x 33636 SPANNZWINGE<\/li>\n<li>1 x 33291 BANKHAKEN, Paar<\/li>\n<\/ul>\n","protected":false},"excerpt":{"rendered":"<p>SJ\u00d6BERGS ORIGINAL 1100. Die Hobelbank ist aus lackierter Buche, massiv. Das Mass u\u0308ber alles betr\u00e4gt 1070&#215;405 mm. Die kr\u00e4ftige Steuerung der Hinterzange l\u00e4sst sich leicht justieren. Arbeitsh\u00f6he 750 mm. Bankhaken sind immer Teil des Lieferumfanges. Auch in H\u00f6he 850 mm erh\u00e4ltlich, Art Nr 33075. SJ\u00d6BERGS ORIGINAL 1100, 1-STATION 33074 BESTEHT AUS: 1 x 33110 PLATTE [&hellip;]<\/p>\n","protected":false},"featured_media":4599,"template":"","meta":{"_acf_changed":false},"product_brand":[],"product_cat":[224,245,249,269],"product_tag":[],"class_list":{"0":"post-3845","1":"product","2":"type-product","3":"status-publish","4":"has-post-thumbnail","6":"product_cat-kombination-de","7":"product_cat-holzwerken","8":"product_cat-schule-und-ausbildung","9":"product_cat-sjobergs-original-1100-de","11":"first","12":"instock","13":"taxable","14":"shipping-taxable","15":"purchasable","16":"product-type-simple"},"acf":[],"_links":{"self":[{"href":"https:\/\/old.sjobergs.se\/de\/wp-json\/wp\/v2\/product\/3845","targetHints":{"allow":["GET"]}}],"collection":[{"href":"https:\/\/old.sjobergs.se\/de\/wp-json\/wp\/v2\/product"}],"about":[{"href":"https:\/\/old.sjobergs.se\/de\/wp-json\/wp\/v2\/types\/product"}],"wp:featuredmedia":[{"embeddable":true,"href":"https:\/\/old.sjobergs.se\/de\/wp-json\/wp\/v2\/media\/4599"}],"wp:attachment":[{"href":"https:\/\/old.sjobergs.se\/de\/wp-json\/wp\/v2\/media?parent=3845"}],"wp:term":[{"taxonomy":"product_brand","embeddable":true,"href":"https:\/\/old.sjobergs.se\/de\/wp-json\/wp\/v2\/product_brand?post=3845"},{"taxonomy":"product_cat","embeddable":true,"href":"https:\/\/old.sjobergs.se\/de\/wp-json\/wp\/v2\/product_cat?post=3845"},{"taxonomy":"product_tag","embeddable":true,"href":"https:\/\/old.sjobergs.se\/de\/wp-json\/wp\/v2\/product_tag?post=3845"}],"curies":[{"name":"wp","href":"https:\/\/api.w.org\/{rel}","templated":true}]}}