{"id":3837,"date":"2020-05-19T13:43:50","date_gmt":"2020-05-19T13:43:50","guid":{"rendered":"http:\/\/previewsjobergs.se.loopiadns.com\/product\/sjobergs-original-1100-stalstativ-4-station\/"},"modified":"2025-05-05T13:40:16","modified_gmt":"2025-05-05T12:40:16","slug":"sjoebergs-original-1100-4-station-33070","status":"publish","type":"product","link":"https:\/\/old.sjobergs.se\/de\/product\/sjoebergs-original-1100-4-station-33070\/","title":{"rendered":"Sj\u00f6bergs Original 1100, 4-station"},"content":{"rendered":"<p class=\"p1\">SJ\u00d6BERGS ORIGINAL 1100, 4-STATION. Diese Werkstation setzt sich aus vier Platten mit Nr 33110 zusammen. Alle Teile sind aus lackierter Buche, massiv. Das Mass u\u0308ber alles betr\u00e4gt 1600&#215;1600 mm. Die kr\u00e4ftige Steuerung der Hinterzange l\u00e4sst sich leicht justieren. Aus verzinktem Stahl. Bankhaken sind immer Teil des Lieferumfanges.<\/p>\n<ul>\n<li class=\"p1\"><strong>SJ\u00d6BERGS ORIGINAL 1100,<br \/>\n4-STATION 33070 BESTEHT AUS:<\/strong><\/li>\n<li class=\"p2\">4 x 33110 PLATTE<\/li>\n<li class=\"p2\">4 x 33160 VORDERZANGE<\/li>\n<li class=\"p2\">1 x 33198 STAHL-GESTELL<\/li>\n<li class=\"p2\">4 x 33200 FREI SCHWINGENDE HOCKER<\/li>\n<li class=\"p2\">1 x 33142 GASFEDERUNG<\/li>\n<li class=\"p2\">1 x 33183 WERKZEUGKASTEN<\/li>\n<li class=\"p2\">4 x 33383 SCHUTZBACKEN, Paar<\/li>\n<li class=\"p2\">4 x 33384 SCHUTZBACKEN, Paar<\/li>\n<li class=\"p2\">4 x 33636 SPANNZWINGE<\/li>\n<li class=\"p2\">4 x 33291 BANKHAKEN, paar<\/li>\n<\/ul>\n","protected":false},"excerpt":{"rendered":"<p>SJ\u00d6BERGS ORIGINAL 1100, 4-STATION. Diese Werkstation setzt sich aus vier Platten mit Nr 33110 zusammen. Alle Teile sind aus lackierter Buche, massiv. Das Mass u\u0308ber alles betr\u00e4gt 1600&#215;1600 mm. Die kr\u00e4ftige Steuerung der Hinterzange l\u00e4sst sich leicht justieren. Aus verzinktem Stahl. Bankhaken sind immer Teil des Lieferumfanges. SJ\u00d6BERGS ORIGINAL 1100, 4-STATION 33070 BESTEHT AUS: 4 [&hellip;]<\/p>\n","protected":false},"featured_media":1906,"template":"","meta":{"_acf_changed":false},"product_brand":[],"product_cat":[224,245,249,269],"product_tag":[],"class_list":{"0":"post-3837","1":"product","2":"type-product","3":"status-publish","4":"has-post-thumbnail","6":"product_cat-kombination-de","7":"product_cat-holzwerken","8":"product_cat-schule-und-ausbildung","9":"product_cat-sjobergs-original-1100-de","11":"first","12":"instock","13":"taxable","14":"shipping-taxable","15":"purchasable","16":"product-type-simple"},"acf":[],"_links":{"self":[{"href":"https:\/\/old.sjobergs.se\/de\/wp-json\/wp\/v2\/product\/3837","targetHints":{"allow":["GET"]}}],"collection":[{"href":"https:\/\/old.sjobergs.se\/de\/wp-json\/wp\/v2\/product"}],"about":[{"href":"https:\/\/old.sjobergs.se\/de\/wp-json\/wp\/v2\/types\/product"}],"wp:featuredmedia":[{"embeddable":true,"href":"https:\/\/old.sjobergs.se\/de\/wp-json\/wp\/v2\/media\/1906"}],"wp:attachment":[{"href":"https:\/\/old.sjobergs.se\/de\/wp-json\/wp\/v2\/media?parent=3837"}],"wp:term":[{"taxonomy":"product_brand","embeddable":true,"href":"https:\/\/old.sjobergs.se\/de\/wp-json\/wp\/v2\/product_brand?post=3837"},{"taxonomy":"product_cat","embeddable":true,"href":"https:\/\/old.sjobergs.se\/de\/wp-json\/wp\/v2\/product_cat?post=3837"},{"taxonomy":"product_tag","embeddable":true,"href":"https:\/\/old.sjobergs.se\/de\/wp-json\/wp\/v2\/product_tag?post=3837"}],"curies":[{"name":"wp","href":"https:\/\/api.w.org\/{rel}","templated":true}]}}