{"id":3800,"date":"2020-05-19T14:06:12","date_gmt":"2020-05-19T14:06:12","guid":{"rendered":"http:\/\/previewsjobergs.se.loopiadns.com\/product\/spannare-sb430-inkl-hylsa\/"},"modified":"2024-11-11T12:53:09","modified_gmt":"2024-11-11T12:53:09","slug":"spannzwinge-sb-huelse-33636","status":"publish","type":"product","link":"https:\/\/old.sjobergs.se\/de\/product\/spannzwinge-sb-huelse-33636\/","title":{"rendered":"Spannzwinge SB + H\u00fclse"},"content":{"rendered":"<p>SJ\u00d6BERGS SPANNZWINGE SB wird mit einer H\u00fclse geliefert. Passend f\u00fcr Sj\u00f6bergs Original 1100 und Kvadrat.<br \/>\nSeparate H\u00fclse Art. Nr. 33638 kann erworben werden.<\/p>\n<p>&nbsp;<\/p>\n","protected":false},"excerpt":{"rendered":"<p>SJ\u00d6BERGS SPANNZWINGE SB wird mit einer H\u00fclse geliefert. Passend f\u00fcr Sj\u00f6bergs Original 1100 und Kvadrat. Separate H\u00fclse Art. Nr. 33638 kann erworben werden. &nbsp;<\/p>\n","protected":false},"featured_media":1449,"template":"","meta":{"_acf_changed":false},"product_brand":[],"product_cat":[245,249,275],"product_tag":[430],"class_list":{"0":"post-3800","1":"product","2":"type-product","3":"status-publish","4":"has-post-thumbnail","6":"product_cat-holzwerken","7":"product_cat-schule-und-ausbildung","8":"product_cat-zubehoer-holzwerken-schule-und-ausbildung","9":"product_tag-kvadraten-de","11":"first","12":"instock","13":"taxable","14":"shipping-taxable","15":"purchasable","16":"product-type-simple"},"acf":[],"_links":{"self":[{"href":"https:\/\/old.sjobergs.se\/de\/wp-json\/wp\/v2\/product\/3800","targetHints":{"allow":["GET"]}}],"collection":[{"href":"https:\/\/old.sjobergs.se\/de\/wp-json\/wp\/v2\/product"}],"about":[{"href":"https:\/\/old.sjobergs.se\/de\/wp-json\/wp\/v2\/types\/product"}],"wp:featuredmedia":[{"embeddable":true,"href":"https:\/\/old.sjobergs.se\/de\/wp-json\/wp\/v2\/media\/1449"}],"wp:attachment":[{"href":"https:\/\/old.sjobergs.se\/de\/wp-json\/wp\/v2\/media?parent=3800"}],"wp:term":[{"taxonomy":"product_brand","embeddable":true,"href":"https:\/\/old.sjobergs.se\/de\/wp-json\/wp\/v2\/product_brand?post=3800"},{"taxonomy":"product_cat","embeddable":true,"href":"https:\/\/old.sjobergs.se\/de\/wp-json\/wp\/v2\/product_cat?post=3800"},{"taxonomy":"product_tag","embeddable":true,"href":"https:\/\/old.sjobergs.se\/de\/wp-json\/wp\/v2\/product_tag?post=3800"}],"curies":[{"name":"wp","href":"https:\/\/api.w.org\/{rel}","templated":true}]}}