{"id":3752,"date":"2020-05-14T12:15:04","date_gmt":"2020-05-14T12:15:04","guid":{"rendered":"http:\/\/previewsjobergs.se.loopiadns.com\/product\/bankhaksskydd\/"},"modified":"2025-04-09T10:12:43","modified_gmt":"2025-04-09T09:12:43","slug":"werkzeugschutz-elite-33494","status":"publish","type":"product","link":"https:\/\/old.sjobergs.se\/de\/product\/werkzeugschutz-elite-33494\/","title":{"rendered":"Werkzeugschutz, Elite"},"content":{"rendered":"<p>Gummiabdeckung f\u00fcr schonendes Spannen. Passt aus unsere Sj\u00f6bergs Elite Bankhaken 33289 und 33293.<\/p>\n<p>4 St\u00fcck\/Packung.<\/p>\n","protected":false},"excerpt":{"rendered":"<p>Gummiabdeckung f\u00fcr schonendes Spannen. Passt aus unsere Sj\u00f6bergs Elite Bankhaken 33289 und 33293. 4 St\u00fcck\/Packung.<\/p>\n","protected":false},"featured_media":1431,"template":"","meta":{"_acf_changed":false},"product_brand":[],"product_cat":[281,279,291],"product_tag":[],"class_list":{"0":"post-3752","1":"product","2":"type-product","3":"status-publish","4":"has-post-thumbnail","6":"product_cat-bankhaken-zubehoer","7":"product_cat-zubehoer","8":"product_cat-sonstiges-zubehoer-zubehoer","9":"product_shipping_class-10-pa-order-de","11":"first","12":"instock","13":"taxable","14":"shipping-taxable","15":"purchasable","16":"product-type-simple"},"acf":[],"_links":{"self":[{"href":"https:\/\/old.sjobergs.se\/de\/wp-json\/wp\/v2\/product\/3752","targetHints":{"allow":["GET"]}}],"collection":[{"href":"https:\/\/old.sjobergs.se\/de\/wp-json\/wp\/v2\/product"}],"about":[{"href":"https:\/\/old.sjobergs.se\/de\/wp-json\/wp\/v2\/types\/product"}],"wp:featuredmedia":[{"embeddable":true,"href":"https:\/\/old.sjobergs.se\/de\/wp-json\/wp\/v2\/media\/1431"}],"wp:attachment":[{"href":"https:\/\/old.sjobergs.se\/de\/wp-json\/wp\/v2\/media?parent=3752"}],"wp:term":[{"taxonomy":"product_brand","embeddable":true,"href":"https:\/\/old.sjobergs.se\/de\/wp-json\/wp\/v2\/product_brand?post=3752"},{"taxonomy":"product_cat","embeddable":true,"href":"https:\/\/old.sjobergs.se\/de\/wp-json\/wp\/v2\/product_cat?post=3752"},{"taxonomy":"product_tag","embeddable":true,"href":"https:\/\/old.sjobergs.se\/de\/wp-json\/wp\/v2\/product_tag?post=3752"}],"curies":[{"name":"wp","href":"https:\/\/api.w.org\/{rel}","templated":true}]}}