{"id":3729,"date":"2020-05-14T12:34:49","date_gmt":"2020-05-14T12:34:49","guid":{"rendered":"http:\/\/previewsjobergs.se.loopiadns.com\/product\/benforhojning-2\/"},"modified":"2024-11-11T08:59:53","modified_gmt":"2024-11-11T08:59:53","slug":"hoehenverstellung-33465","status":"publish","type":"product","link":"https:\/\/old.sjobergs.se\/de\/product\/hoehenverstellung-33465\/","title":{"rendered":"H\u00f6henverstellung"},"content":{"rendered":"<p>H\u00f6henverstellung 100 mm f\u00fcr Sj\u00f6bergs Original 1900 und Sj\u00f6bergs Elite.<\/p>\n","protected":false},"excerpt":{"rendered":"<p>H\u00f6henverstellung 100 mm f\u00fcr Sj\u00f6bergs Original 1900 und Sj\u00f6bergs Elite.<\/p>\n","protected":false},"featured_media":1692,"template":"","meta":{"_acf_changed":false},"product_brand":[],"product_cat":[279,291],"product_tag":[],"class_list":{"0":"post-3729","1":"product","2":"type-product","3":"status-publish","4":"has-post-thumbnail","6":"product_cat-zubehoer","7":"product_cat-sonstiges-zubehoer-zubehoer","8":"product_shipping_class-10-pa-order-de","10":"first","11":"instock","12":"taxable","13":"shipping-taxable","14":"purchasable","15":"product-type-simple"},"acf":[],"_links":{"self":[{"href":"https:\/\/old.sjobergs.se\/de\/wp-json\/wp\/v2\/product\/3729","targetHints":{"allow":["GET"]}}],"collection":[{"href":"https:\/\/old.sjobergs.se\/de\/wp-json\/wp\/v2\/product"}],"about":[{"href":"https:\/\/old.sjobergs.se\/de\/wp-json\/wp\/v2\/types\/product"}],"wp:featuredmedia":[{"embeddable":true,"href":"https:\/\/old.sjobergs.se\/de\/wp-json\/wp\/v2\/media\/1692"}],"wp:attachment":[{"href":"https:\/\/old.sjobergs.se\/de\/wp-json\/wp\/v2\/media?parent=3729"}],"wp:term":[{"taxonomy":"product_brand","embeddable":true,"href":"https:\/\/old.sjobergs.se\/de\/wp-json\/wp\/v2\/product_brand?post=3729"},{"taxonomy":"product_cat","embeddable":true,"href":"https:\/\/old.sjobergs.se\/de\/wp-json\/wp\/v2\/product_cat?post=3729"},{"taxonomy":"product_tag","embeddable":true,"href":"https:\/\/old.sjobergs.se\/de\/wp-json\/wp\/v2\/product_tag?post=3729"}],"curies":[{"name":"wp","href":"https:\/\/api.w.org\/{rel}","templated":true}]}}