{"id":3716,"date":"2020-05-05T13:06:09","date_gmt":"2020-05-05T13:06:09","guid":{"rendered":"http:\/\/previewsjobergs.se.loopiadns.com\/product\/filklamma-hobby\/"},"modified":"2024-11-11T07:57:15","modified_gmt":"2024-11-11T07:57:15","slug":"feilkluppe-33492","status":"publish","type":"product","link":"https:\/\/old.sjobergs.se\/de\/product\/feilkluppe-33492\/","title":{"rendered":"Feilkluppe"},"content":{"rendered":"<p>Die Feilklemme ist ausger\u00fcstet mit sog. Backenschutz, der bessere Fixierung des Werkst\u00fcckes zul\u00e4sst.<br \/>\nDie max 140 mm \u00d6ffnungsbreite betr\u00e4gt.<\/p>\n<p>Passend f\u00fcr alle unsere B\u00e4nke!<\/p>\n<pre id=\"tw-target-text\" class=\"tw-data-text tw-text-large XcVN5d tw-ta\" dir=\"ltr\" data-placeholder=\"\u00d6vers\u00e4ttning\"><\/pre>\n","protected":false},"excerpt":{"rendered":"<p>Die Feilklemme ist ausger\u00fcstet mit sog. Backenschutz, der bessere Fixierung des Werkst\u00fcckes zul\u00e4sst. Die max 140 mm \u00d6ffnungsbreite betr\u00e4gt. Passend f\u00fcr alle unsere B\u00e4nke!<\/p>\n","protected":false},"featured_media":1428,"template":"","meta":{"_acf_changed":false},"product_brand":[],"product_cat":[285,279],"product_tag":[],"class_list":{"0":"post-3716","1":"product","2":"type-product","3":"status-publish","4":"has-post-thumbnail","6":"product_cat-feilkluppen","7":"product_cat-zubehoer","8":"product_shipping_class-10-pa-order-de","10":"first","11":"instock","12":"taxable","13":"shipping-taxable","14":"purchasable","15":"product-type-simple"},"acf":[],"_links":{"self":[{"href":"https:\/\/old.sjobergs.se\/de\/wp-json\/wp\/v2\/product\/3716","targetHints":{"allow":["GET"]}}],"collection":[{"href":"https:\/\/old.sjobergs.se\/de\/wp-json\/wp\/v2\/product"}],"about":[{"href":"https:\/\/old.sjobergs.se\/de\/wp-json\/wp\/v2\/types\/product"}],"wp:featuredmedia":[{"embeddable":true,"href":"https:\/\/old.sjobergs.se\/de\/wp-json\/wp\/v2\/media\/1428"}],"wp:attachment":[{"href":"https:\/\/old.sjobergs.se\/de\/wp-json\/wp\/v2\/media?parent=3716"}],"wp:term":[{"taxonomy":"product_brand","embeddable":true,"href":"https:\/\/old.sjobergs.se\/de\/wp-json\/wp\/v2\/product_brand?post=3716"},{"taxonomy":"product_cat","embeddable":true,"href":"https:\/\/old.sjobergs.se\/de\/wp-json\/wp\/v2\/product_cat?post=3716"},{"taxonomy":"product_tag","embeddable":true,"href":"https:\/\/old.sjobergs.se\/de\/wp-json\/wp\/v2\/product_tag?post=3716"}],"curies":[{"name":"wp","href":"https:\/\/api.w.org\/{rel}","templated":true}]}}