{"id":3712,"date":"2020-04-28T08:07:59","date_gmt":"2020-04-28T08:07:59","guid":{"rendered":"http:\/\/previewsjobergs.se.loopiadns.com\/product\/filklamma-2\/"},"modified":"2025-04-09T10:18:56","modified_gmt":"2025-04-09T09:18:56","slug":"feilkluppe-33490","status":"publish","type":"product","link":"https:\/\/old.sjobergs.se\/de\/product\/feilkluppe-33490\/","title":{"rendered":"Feilkluppe"},"content":{"rendered":"<p>Die Feilkluppe ist ausger\u00fcstet mit sog. Backenschutz, der bessere Fixierung des Werkst\u00fcckes zul\u00e4sst.<br \/>\nPassend f\u00fcr alle unsere Schulb\u00e4nke und Sj\u00f6bergs Original 1900.<\/p>\n<p>Die max 140 mm \u00d6ffnungsbreite betr\u00e4gt.<\/p>\n","protected":false},"excerpt":{"rendered":"<p>Die Feilkluppe ist ausger\u00fcstet mit sog. Backenschutz, der bessere Fixierung des Werkst\u00fcckes zul\u00e4sst. Passend f\u00fcr alle unsere Schulb\u00e4nke und Sj\u00f6bergs Original 1900. Die max 140 mm \u00d6ffnungsbreite betr\u00e4gt.<\/p>\n","protected":false},"featured_media":12631,"template":"","meta":{"_acf_changed":false},"product_brand":[],"product_cat":[285,279,275],"product_tag":[],"class_list":{"0":"post-3712","1":"product","2":"type-product","3":"status-publish","4":"has-post-thumbnail","6":"product_cat-feilkluppen","7":"product_cat-zubehoer","8":"product_cat-zubehoer-holzwerken-schule-und-ausbildung","9":"product_shipping_class-10-pa-order-de","11":"first","12":"instock","13":"taxable","14":"shipping-taxable","15":"purchasable","16":"product-type-simple"},"acf":[],"_links":{"self":[{"href":"https:\/\/old.sjobergs.se\/de\/wp-json\/wp\/v2\/product\/3712","targetHints":{"allow":["GET"]}}],"collection":[{"href":"https:\/\/old.sjobergs.se\/de\/wp-json\/wp\/v2\/product"}],"about":[{"href":"https:\/\/old.sjobergs.se\/de\/wp-json\/wp\/v2\/types\/product"}],"wp:featuredmedia":[{"embeddable":true,"href":"https:\/\/old.sjobergs.se\/de\/wp-json\/wp\/v2\/media\/12631"}],"wp:attachment":[{"href":"https:\/\/old.sjobergs.se\/de\/wp-json\/wp\/v2\/media?parent=3712"}],"wp:term":[{"taxonomy":"product_brand","embeddable":true,"href":"https:\/\/old.sjobergs.se\/de\/wp-json\/wp\/v2\/product_brand?post=3712"},{"taxonomy":"product_cat","embeddable":true,"href":"https:\/\/old.sjobergs.se\/de\/wp-json\/wp\/v2\/product_cat?post=3712"},{"taxonomy":"product_tag","embeddable":true,"href":"https:\/\/old.sjobergs.se\/de\/wp-json\/wp\/v2\/product_tag?post=3712"}],"curies":[{"name":"wp","href":"https:\/\/api.w.org\/{rel}","templated":true}]}}