{"id":3699,"date":"2020-05-13T12:35:55","date_gmt":"2020-05-13T12:35:55","guid":{"rendered":"http:\/\/previewsjobergs.se.loopiadns.com\/product\/skyddsback-framtang\/"},"modified":"2024-11-11T09:47:00","modified_gmt":"2024-11-11T09:47:00","slug":"schutzbacken-vorderzange-33383","status":"publish","type":"product","link":"https:\/\/old.sjobergs.se\/de\/product\/schutzbacken-vorderzange-33383\/","title":{"rendered":"Schutzbacken, Vorderzange"},"content":{"rendered":"<p>Selbstklebende Schutzbacken, Kork, f\u00fcr Schraubstock.<br \/>\nPassend f\u00fcr Vorderzange, Sj\u00f6bergs Original 1100 und Sj\u00f6bergs Kvadrat.<\/p>\n<p>1 Paar\/Packung.<\/p>\n","protected":false},"excerpt":{"rendered":"<p>Selbstklebende Schutzbacken, Kork, f\u00fcr Schraubstock. Passend f\u00fcr Vorderzange, Sj\u00f6bergs Original 1100 und Sj\u00f6bergs Kvadrat. 1 Paar\/Packung.<\/p>\n","protected":false},"featured_media":6576,"template":"","meta":{"_acf_changed":false},"product_brand":[],"product_cat":[245,289,279,275],"product_tag":[],"class_list":{"0":"post-3699","1":"product","2":"type-product","3":"status-publish","4":"has-post-thumbnail","6":"product_cat-holzwerken","7":"product_cat-schutzbacken-zubehoer","8":"product_cat-zubehoer","9":"product_cat-zubehoer-holzwerken-schule-und-ausbildung","10":"product_shipping_class-10-pa-order-de","12":"first","13":"instock","14":"taxable","15":"shipping-taxable","16":"purchasable","17":"product-type-simple"},"acf":[],"_links":{"self":[{"href":"https:\/\/old.sjobergs.se\/de\/wp-json\/wp\/v2\/product\/3699","targetHints":{"allow":["GET"]}}],"collection":[{"href":"https:\/\/old.sjobergs.se\/de\/wp-json\/wp\/v2\/product"}],"about":[{"href":"https:\/\/old.sjobergs.se\/de\/wp-json\/wp\/v2\/types\/product"}],"wp:featuredmedia":[{"embeddable":true,"href":"https:\/\/old.sjobergs.se\/de\/wp-json\/wp\/v2\/media\/6576"}],"wp:attachment":[{"href":"https:\/\/old.sjobergs.se\/de\/wp-json\/wp\/v2\/media?parent=3699"}],"wp:term":[{"taxonomy":"product_brand","embeddable":true,"href":"https:\/\/old.sjobergs.se\/de\/wp-json\/wp\/v2\/product_brand?post=3699"},{"taxonomy":"product_cat","embeddable":true,"href":"https:\/\/old.sjobergs.se\/de\/wp-json\/wp\/v2\/product_cat?post=3699"},{"taxonomy":"product_tag","embeddable":true,"href":"https:\/\/old.sjobergs.se\/de\/wp-json\/wp\/v2\/product_tag?post=3699"}],"curies":[{"name":"wp","href":"https:\/\/api.w.org\/{rel}","templated":true}]}}