{"id":3689,"date":"2020-05-13T10:14:25","date_gmt":"2020-05-13T10:14:25","guid":{"rendered":"http:\/\/previewsjobergs.se.loopiadns.com\/product\/skyddsbackar-elite-sjobergs-original-1900\/"},"modified":"2024-11-11T09:45:03","modified_gmt":"2024-11-11T09:45:03","slug":"schutzbacken-sjoebergs-original-1900-und-elite-33382","status":"publish","type":"product","link":"https:\/\/old.sjobergs.se\/de\/product\/schutzbacken-sjoebergs-original-1900-und-elite-33382\/","title":{"rendered":"Schutzbacken, Sj\u00f6bergs Original 1900 und Elite"},"content":{"rendered":"<p>Schutzbacken, f\u00fcr die Hinterzange und Vorderzange Sj\u00f6bergs Original 1900 und Elite. Selbstklebend.<\/p>\n<p>1 Paar.<\/p>\n","protected":false},"excerpt":{"rendered":"<p>Schutzbacken, f\u00fcr die Hinterzange und Vorderzange Sj\u00f6bergs Original 1900 und Elite. Selbstklebend. 1 Paar.<\/p>\n","protected":false},"featured_media":1410,"template":"","meta":{"_acf_changed":false},"product_brand":[],"product_cat":[289,279],"product_tag":[],"class_list":{"0":"post-3689","1":"product","2":"type-product","3":"status-publish","4":"has-post-thumbnail","6":"product_cat-schutzbacken-zubehoer","7":"product_cat-zubehoer","8":"product_shipping_class-10-pa-order-de","10":"first","11":"instock","12":"taxable","13":"shipping-taxable","14":"purchasable","15":"product-type-simple"},"acf":[],"_links":{"self":[{"href":"https:\/\/old.sjobergs.se\/de\/wp-json\/wp\/v2\/product\/3689","targetHints":{"allow":["GET"]}}],"collection":[{"href":"https:\/\/old.sjobergs.se\/de\/wp-json\/wp\/v2\/product"}],"about":[{"href":"https:\/\/old.sjobergs.se\/de\/wp-json\/wp\/v2\/types\/product"}],"wp:featuredmedia":[{"embeddable":true,"href":"https:\/\/old.sjobergs.se\/de\/wp-json\/wp\/v2\/media\/1410"}],"wp:attachment":[{"href":"https:\/\/old.sjobergs.se\/de\/wp-json\/wp\/v2\/media?parent=3689"}],"wp:term":[{"taxonomy":"product_brand","embeddable":true,"href":"https:\/\/old.sjobergs.se\/de\/wp-json\/wp\/v2\/product_brand?post=3689"},{"taxonomy":"product_cat","embeddable":true,"href":"https:\/\/old.sjobergs.se\/de\/wp-json\/wp\/v2\/product_cat?post=3689"},{"taxonomy":"product_tag","embeddable":true,"href":"https:\/\/old.sjobergs.se\/de\/wp-json\/wp\/v2\/product_tag?post=3689"}],"curies":[{"name":"wp","href":"https:\/\/api.w.org\/{rel}","templated":true}]}}