{"id":3685,"date":"2020-05-13T09:02:53","date_gmt":"2020-05-13T09:02:53","guid":{"rendered":"http:\/\/previewsjobergs.se.loopiadns.com\/product\/bankhake-rund\/"},"modified":"2024-11-08T14:47:45","modified_gmt":"2024-11-08T14:47:45","slug":"bankhaken-runden-233317","status":"publish","type":"product","link":"https:\/\/old.sjobergs.se\/de\/product\/bankhaken-runden-233317\/","title":{"rendered":"Bankhaken, runden"},"content":{"rendered":"<p>Sj\u00f6bergs Bankhaken f\u00fcr Sj\u00f6bergs Smart Vise und Minior.<\/p>\n<p>4 St\u00fcck.<\/p>\n","protected":false},"excerpt":{"rendered":"<p>Sj\u00f6bergs Bankhaken f\u00fcr Sj\u00f6bergs Smart Vise und Minior. 4 St\u00fcck.<\/p>\n","protected":false},"featured_media":2627,"template":"","meta":{"_acf_changed":false},"product_brand":[],"product_cat":[281,279],"product_tag":[],"class_list":{"0":"post-3685","1":"product","2":"type-product","3":"status-publish","4":"has-post-thumbnail","6":"product_cat-bankhaken-zubehoer","7":"product_cat-zubehoer","8":"product_shipping_class-10-pa-order-de","10":"first","11":"instock","12":"taxable","13":"shipping-taxable","14":"purchasable","15":"product-type-simple"},"acf":[],"_links":{"self":[{"href":"https:\/\/old.sjobergs.se\/de\/wp-json\/wp\/v2\/product\/3685","targetHints":{"allow":["GET"]}}],"collection":[{"href":"https:\/\/old.sjobergs.se\/de\/wp-json\/wp\/v2\/product"}],"about":[{"href":"https:\/\/old.sjobergs.se\/de\/wp-json\/wp\/v2\/types\/product"}],"wp:featuredmedia":[{"embeddable":true,"href":"https:\/\/old.sjobergs.se\/de\/wp-json\/wp\/v2\/media\/2627"}],"wp:attachment":[{"href":"https:\/\/old.sjobergs.se\/de\/wp-json\/wp\/v2\/media?parent=3685"}],"wp:term":[{"taxonomy":"product_brand","embeddable":true,"href":"https:\/\/old.sjobergs.se\/de\/wp-json\/wp\/v2\/product_brand?post=3685"},{"taxonomy":"product_cat","embeddable":true,"href":"https:\/\/old.sjobergs.se\/de\/wp-json\/wp\/v2\/product_cat?post=3685"},{"taxonomy":"product_tag","embeddable":true,"href":"https:\/\/old.sjobergs.se\/de\/wp-json\/wp\/v2\/product_tag?post=3685"}],"curies":[{"name":"wp","href":"https:\/\/api.w.org\/{rel}","templated":true}]}}