{"id":3672,"date":"2020-05-12T13:49:37","date_gmt":"2020-05-12T13:49:37","guid":{"rendered":"http:\/\/previewsjobergs.se.loopiadns.com\/product\/bankhake-elite-alu\/"},"modified":"2024-11-08T14:44:02","modified_gmt":"2024-11-08T14:44:02","slug":"bankhaken-elite-alu-33289","status":"publish","type":"product","link":"https:\/\/old.sjobergs.se\/de\/product\/bankhaken-elite-alu-33289\/","title":{"rendered":"Bankhaken Elite, alu"},"content":{"rendered":"<p>Vier unzerbrechliche Bankhaken mit je 25 mm. Sie werden auf der Platte und im Bankknecht vorn eingesetzt!<br \/>\nPassend f\u00fcr Sj\u00f6bergs Elite 1500 und 2000.<\/p>\n<p>4 St\u00fcck.<\/p>\n","protected":false},"excerpt":{"rendered":"<p>Vier unzerbrechliche Bankhaken mit je 25 mm. Sie werden auf der Platte und im Bankknecht vorn eingesetzt! Passend f\u00fcr Sj\u00f6bergs Elite 1500 und 2000. 4 St\u00fcck.<\/p>\n","protected":false},"featured_media":1374,"template":"","meta":{"_acf_changed":false},"product_brand":[],"product_cat":[281,279],"product_tag":[],"class_list":{"0":"post-3672","1":"product","2":"type-product","3":"status-publish","4":"has-post-thumbnail","6":"product_cat-bankhaken-zubehoer","7":"product_cat-zubehoer","8":"product_shipping_class-10-pa-order-de","10":"first","11":"instock","12":"taxable","13":"shipping-taxable","14":"purchasable","15":"product-type-simple"},"acf":[],"_links":{"self":[{"href":"https:\/\/old.sjobergs.se\/de\/wp-json\/wp\/v2\/product\/3672","targetHints":{"allow":["GET"]}}],"collection":[{"href":"https:\/\/old.sjobergs.se\/de\/wp-json\/wp\/v2\/product"}],"about":[{"href":"https:\/\/old.sjobergs.se\/de\/wp-json\/wp\/v2\/types\/product"}],"wp:featuredmedia":[{"embeddable":true,"href":"https:\/\/old.sjobergs.se\/de\/wp-json\/wp\/v2\/media\/1374"}],"wp:attachment":[{"href":"https:\/\/old.sjobergs.se\/de\/wp-json\/wp\/v2\/media?parent=3672"}],"wp:term":[{"taxonomy":"product_brand","embeddable":true,"href":"https:\/\/old.sjobergs.se\/de\/wp-json\/wp\/v2\/product_brand?post=3672"},{"taxonomy":"product_cat","embeddable":true,"href":"https:\/\/old.sjobergs.se\/de\/wp-json\/wp\/v2\/product_cat?post=3672"},{"taxonomy":"product_tag","embeddable":true,"href":"https:\/\/old.sjobergs.se\/de\/wp-json\/wp\/v2\/product_tag?post=3672"}],"curies":[{"name":"wp","href":"https:\/\/api.w.org\/{rel}","templated":true}]}}