{"id":3666,"date":"2020-05-12T13:50:04","date_gmt":"2020-05-12T13:50:04","guid":{"rendered":"http:\/\/previewsjobergs.se.loopiadns.com\/product\/bankhake-elite-stal\/"},"modified":"2024-11-08T14:45:15","modified_gmt":"2024-11-08T14:45:15","slug":"bankhaken-elite-stahl-33293","status":"publish","type":"product","link":"https:\/\/old.sjobergs.se\/de\/product\/bankhaken-elite-stahl-33293\/","title":{"rendered":"Bankhaken Elite, Stahl"},"content":{"rendered":"<p>Vier unzerbrechliche Bankhaken mit je 25 mm sind stets Teil des Lieferumfanges. Sie werden auf der Platte und im Bankknecht vorn eingesetzt! Passend f\u00fcr Sj\u00f6bergs Elite 1500 und 2000.<\/p>\n<p>4 St\u00fcck.<\/p>\n<div class=\"jhH5U\">\n<div id=\"tw-images\"><\/div>\n<div class=\"dURPtb\"><\/div>\n<div>\n<div><\/div>\n<\/div>\n<\/div>\n","protected":false},"excerpt":{"rendered":"<p>Vier unzerbrechliche Bankhaken mit je 25 mm sind stets Teil des Lieferumfanges. Sie werden auf der Platte und im Bankknecht vorn eingesetzt! Passend f\u00fcr Sj\u00f6bergs Elite 1500 und 2000. 4 St\u00fcck.<\/p>\n","protected":false},"featured_media":1383,"template":"","meta":{"_acf_changed":false},"product_brand":[],"product_cat":[281,279],"product_tag":[],"class_list":{"0":"post-3666","1":"product","2":"type-product","3":"status-publish","4":"has-post-thumbnail","6":"product_cat-bankhaken-zubehoer","7":"product_cat-zubehoer","8":"product_shipping_class-10-pa-order-de","10":"first","11":"instock","12":"taxable","13":"shipping-taxable","14":"purchasable","15":"product-type-simple"},"acf":[],"_links":{"self":[{"href":"https:\/\/old.sjobergs.se\/de\/wp-json\/wp\/v2\/product\/3666","targetHints":{"allow":["GET"]}}],"collection":[{"href":"https:\/\/old.sjobergs.se\/de\/wp-json\/wp\/v2\/product"}],"about":[{"href":"https:\/\/old.sjobergs.se\/de\/wp-json\/wp\/v2\/types\/product"}],"wp:featuredmedia":[{"embeddable":true,"href":"https:\/\/old.sjobergs.se\/de\/wp-json\/wp\/v2\/media\/1383"}],"wp:attachment":[{"href":"https:\/\/old.sjobergs.se\/de\/wp-json\/wp\/v2\/media?parent=3666"}],"wp:term":[{"taxonomy":"product_brand","embeddable":true,"href":"https:\/\/old.sjobergs.se\/de\/wp-json\/wp\/v2\/product_brand?post=3666"},{"taxonomy":"product_cat","embeddable":true,"href":"https:\/\/old.sjobergs.se\/de\/wp-json\/wp\/v2\/product_cat?post=3666"},{"taxonomy":"product_tag","embeddable":true,"href":"https:\/\/old.sjobergs.se\/de\/wp-json\/wp\/v2\/product_tag?post=3666"}],"curies":[{"name":"wp","href":"https:\/\/api.w.org\/{rel}","templated":true}]}}