{"id":3601,"date":"2020-05-12T11:37:06","date_gmt":"2020-05-12T11:37:06","guid":{"rendered":"http:\/\/previewsjobergs.se.loopiadns.com\/product\/tillbehorssats-original-1900\/"},"modified":"2024-11-11T13:03:04","modified_gmt":"2024-11-11T13:03:04","slug":"tillbehorssats-original-1900","status":"publish","type":"product","link":"https:\/\/old.sjobergs.se\/de\/product\/tillbehorssats-original-1900\/","title":{"rendered":"Zubeh\u00f6rssatz Sj\u00f6bergs Original 1900"},"content":{"rendered":"<p>Zubeh\u00f6rssatz Sj\u00f6bergs Original 1900.<\/p>\n<p>SCHUTZBACKEN. Selbstklebende Schutzbacken aus Kork schu\u0308tzen nicht nur die Zangen, sondern auch Ihr Werkstu\u0308ck.<br \/>\nUNIVERSAL AMBOSS. Metall. Fu\u0308r die Metallbearbeitung.<br \/>\nST11 SPANNZWINGE. Mit 360\u00b0 Drehung.<\/p>\n<p><center><\/center>&nbsp;<\/p>\n","protected":false},"excerpt":{"rendered":"<p>Zubeh\u00f6rssatz Sj\u00f6bergs Original 1900. SCHUTZBACKEN. Selbstklebende Schutzbacken aus Kork schu\u0308tzen nicht nur die Zangen, sondern auch Ihr Werkstu\u0308ck. UNIVERSAL AMBOSS. Metall. Fu\u0308r die Metallbearbeitung. ST11 SPANNZWINGE. Mit 360\u00b0 Drehung. &nbsp;<\/p>\n","protected":false},"featured_media":710,"template":"","meta":{"_acf_changed":false},"product_brand":[],"product_cat":[287,279],"product_tag":[],"class_list":{"0":"post-3601","1":"product","2":"type-product","3":"status-publish","4":"has-post-thumbnail","6":"product_cat-sjoebergs-zubehoer-kits-zubehoer","7":"product_cat-zubehoer","8":"product_shipping_class-10-pa-order-de","10":"first","11":"instock","12":"taxable","13":"shipping-taxable","14":"purchasable","15":"product-type-simple"},"acf":[],"_links":{"self":[{"href":"https:\/\/old.sjobergs.se\/de\/wp-json\/wp\/v2\/product\/3601","targetHints":{"allow":["GET"]}}],"collection":[{"href":"https:\/\/old.sjobergs.se\/de\/wp-json\/wp\/v2\/product"}],"about":[{"href":"https:\/\/old.sjobergs.se\/de\/wp-json\/wp\/v2\/types\/product"}],"wp:featuredmedia":[{"embeddable":true,"href":"https:\/\/old.sjobergs.se\/de\/wp-json\/wp\/v2\/media\/710"}],"wp:attachment":[{"href":"https:\/\/old.sjobergs.se\/de\/wp-json\/wp\/v2\/media?parent=3601"}],"wp:term":[{"taxonomy":"product_brand","embeddable":true,"href":"https:\/\/old.sjobergs.se\/de\/wp-json\/wp\/v2\/product_brand?post=3601"},{"taxonomy":"product_cat","embeddable":true,"href":"https:\/\/old.sjobergs.se\/de\/wp-json\/wp\/v2\/product_cat?post=3601"},{"taxonomy":"product_tag","embeddable":true,"href":"https:\/\/old.sjobergs.se\/de\/wp-json\/wp\/v2\/product_tag?post=3601"}],"curies":[{"name":"wp","href":"https:\/\/api.w.org\/{rel}","templated":true}]}}