{"id":3598,"date":"2020-05-12T07:54:59","date_gmt":"2020-05-12T07:54:59","guid":{"rendered":"http:\/\/previewsjobergs.se.loopiadns.com\/product\/tillbehorssats-elite-2\/"},"modified":"2024-11-11T14:02:02","modified_gmt":"2024-11-11T14:02:02","slug":"zubehoerssatz-sjoebergs-elite-33480","status":"publish","type":"product","link":"https:\/\/old.sjobergs.se\/de\/product\/zubehoerssatz-sjoebergs-elite-33480\/","title":{"rendered":"Zubeh\u00f6rssatz Sj\u00f6bergs Elite"},"content":{"rendered":"<p>Zubeh\u00f6r-satz Sj\u00f6bergs Elite \u2013 Das perfekte Zubeh\u00f6rpaket f\u00fcr Ihre Elite-Bank.<\/p>\n<p>SCHUTZBACKEN. Selbstklebende Schutzbacken aus Kork schu\u0308tzen nicht nur die Zangen, sondern auch Ihr Werkstu\u0308ck.<br \/>\nUNIVERSAL AMBOSS. Metall. Fu\u0308r die Metallbearbeitung.<br \/>\nQSH SPANNZWINGE. Mit 360\u00b0Drehung.<\/p>\n","protected":false},"excerpt":{"rendered":"<p>Zubeh\u00f6r-satz Sj\u00f6bergs Elite \u2013 Das perfekte Zubeh\u00f6rpaket f\u00fcr Ihre Elite-Bank. SCHUTZBACKEN. Selbstklebende Schutzbacken aus Kork schu\u0308tzen nicht nur die Zangen, sondern auch Ihr Werkstu\u0308ck. UNIVERSAL AMBOSS. Metall. Fu\u0308r die Metallbearbeitung. QSH SPANNZWINGE. Mit 360\u00b0Drehung.<\/p>\n","protected":false},"featured_media":704,"template":"","meta":{"_acf_changed":false},"product_brand":[],"product_cat":[287,279],"product_tag":[],"class_list":{"0":"post-3598","1":"product","2":"type-product","3":"status-publish","4":"has-post-thumbnail","6":"product_cat-sjoebergs-zubehoer-kits-zubehoer","7":"product_cat-zubehoer","8":"product_shipping_class-10-pa-order-de","10":"first","11":"instock","12":"taxable","13":"shipping-taxable","14":"purchasable","15":"product-type-simple"},"acf":[],"_links":{"self":[{"href":"https:\/\/old.sjobergs.se\/de\/wp-json\/wp\/v2\/product\/3598","targetHints":{"allow":["GET"]}}],"collection":[{"href":"https:\/\/old.sjobergs.se\/de\/wp-json\/wp\/v2\/product"}],"about":[{"href":"https:\/\/old.sjobergs.se\/de\/wp-json\/wp\/v2\/types\/product"}],"wp:featuredmedia":[{"embeddable":true,"href":"https:\/\/old.sjobergs.se\/de\/wp-json\/wp\/v2\/media\/704"}],"wp:attachment":[{"href":"https:\/\/old.sjobergs.se\/de\/wp-json\/wp\/v2\/media?parent=3598"}],"wp:term":[{"taxonomy":"product_brand","embeddable":true,"href":"https:\/\/old.sjobergs.se\/de\/wp-json\/wp\/v2\/product_brand?post=3598"},{"taxonomy":"product_cat","embeddable":true,"href":"https:\/\/old.sjobergs.se\/de\/wp-json\/wp\/v2\/product_cat?post=3598"},{"taxonomy":"product_tag","embeddable":true,"href":"https:\/\/old.sjobergs.se\/de\/wp-json\/wp\/v2\/product_tag?post=3598"}],"curies":[{"name":"wp","href":"https:\/\/api.w.org\/{rel}","templated":true}]}}