{"id":3594,"date":"2020-05-27T11:11:59","date_gmt":"2020-05-27T11:11:59","guid":{"rendered":"http:\/\/previewsjobergs.se.loopiadns.com\/product\/tangentbordshylla\/"},"modified":"2024-11-08T14:40:33","modified_gmt":"2024-11-08T14:40:33","slug":"ausziehbares-regal-shrank-1-33962","status":"publish","type":"product","link":"https:\/\/old.sjobergs.se\/de\/product\/ausziehbares-regal-shrank-1-33962\/","title":{"rendered":"Ausziehbares Regal, Schrank 1"},"content":{"rendered":"<p>Rollschiene mit Schlo\u00df. Pa\u00dft Sj\u00f6bergs Schrank 1.<\/p>\n","protected":false},"excerpt":{"rendered":"<p>Rollschiene mit Schlo\u00df. Pa\u00dft Sj\u00f6bergs Schrank 1.<\/p>\n","protected":false},"featured_media":1593,"template":"","meta":{"_acf_changed":false},"product_brand":[],"product_cat":[194,196,249],"product_tag":[198,202],"class_list":{"0":"post-3594","1":"product","2":"type-product","3":"status-publish","4":"has-post-thumbnail","6":"product_cat-sjobergs-aufbewahrungsschranke","7":"product_cat-schrank1_einfach_selber_bauen","8":"product_cat-schule-und-ausbildung","9":"product_tag-skap-1-de","10":"product_tag-skapstomme-de","12":"first","13":"instock","14":"taxable","15":"shipping-taxable","16":"purchasable","17":"product-type-simple"},"acf":[],"_links":{"self":[{"href":"https:\/\/old.sjobergs.se\/de\/wp-json\/wp\/v2\/product\/3594","targetHints":{"allow":["GET"]}}],"collection":[{"href":"https:\/\/old.sjobergs.se\/de\/wp-json\/wp\/v2\/product"}],"about":[{"href":"https:\/\/old.sjobergs.se\/de\/wp-json\/wp\/v2\/types\/product"}],"wp:featuredmedia":[{"embeddable":true,"href":"https:\/\/old.sjobergs.se\/de\/wp-json\/wp\/v2\/media\/1593"}],"wp:attachment":[{"href":"https:\/\/old.sjobergs.se\/de\/wp-json\/wp\/v2\/media?parent=3594"}],"wp:term":[{"taxonomy":"product_brand","embeddable":true,"href":"https:\/\/old.sjobergs.se\/de\/wp-json\/wp\/v2\/product_brand?post=3594"},{"taxonomy":"product_cat","embeddable":true,"href":"https:\/\/old.sjobergs.se\/de\/wp-json\/wp\/v2\/product_cat?post=3594"},{"taxonomy":"product_tag","embeddable":true,"href":"https:\/\/old.sjobergs.se\/de\/wp-json\/wp\/v2\/product_tag?post=3594"}],"curies":[{"name":"wp","href":"https:\/\/api.w.org\/{rel}","templated":true}]}}